{"id":3388,"date":"2024-05-19T14:36:47","date_gmt":"2024-05-19T14:36:47","guid":{"rendered":"https:\/\/bonitopak.com\/?page_id=3388"},"modified":"2024-09-18T06:33:16","modified_gmt":"2024-09-18T06:33:16","slug":"termos-de-uso","status":"publish","type":"page","link":"https:\/\/bonitopak.com\/pt\/termos-de-uso\/","title":{"rendered":"Termos de uso"},"content":{"rendered":"<p><strong>Bem-vindo ao BonitoPak!<\/strong><\/p>\n\n\n\n<p>Bem-vindo ao BonitoPak, uma plataforma on-line projetada para proporcionar uma experi\u00eancia perfeita para profissionais de usinagem, entusiastas e especialistas do setor. Estes Termos de Uso (os \"Termos\") descrevem as regras e regulamentos que regem seu uso do site e dos servi\u00e7os do BonitoPak (o \"Site\"). Ao acessar ou usar o Site, voc\u00ea concorda em estar vinculado a estes Termos.<\/p>\n\n\n\n<ol class=\"wp-block-list\">\n<li><strong>Geral<\/strong><\/li>\n<\/ol>\n\n\n\n<p>O BonitoPak \u00e9 de propriedade e operado pela BonitoPak, Inc. Ao longo destes Termos, \"BonitoPak\", \"n\u00f3s\", \"nos\" ou \"nosso\" se referem \u00e0 BonitoPak, Inc. O Site, incluindo todo o conte\u00fado, recursos e funcionalidades, \u00e9 de propriedade de direitos autorais da BonitoPak.<\/p>\n\n\n\n<ol start=\"2\" class=\"wp-block-list\">\n<li><strong>Aceita\u00e7\u00e3o dos termos<\/strong><\/li>\n<\/ol>\n\n\n\n<p>Ao acessar ou usar o Site, voc\u00ea afirma ter pelo menos 18 anos de idade ou ter atingido a idade legal exigida para firmar contratos vinculantes em sua jurisdi\u00e7\u00e3o. Se n\u00e3o concordar com qualquer disposi\u00e7\u00e3o destes Termos, voc\u00ea n\u00e3o poder\u00e1 acessar ou usar o Site.<\/p>\n\n\n\n<ol start=\"3\" class=\"wp-block-list\">\n<li><strong>Registro de conta<\/strong><\/li>\n<\/ol>\n\n\n\n<p>3.1. <strong>Cria\u00e7\u00e3o de conta:<\/strong> Para acessar determinados recursos do Site, \u00e9 necess\u00e1rio registrar uma conta (\"Conta\") e fornecer informa\u00e7\u00f5es precisas conforme solicitado pelo formul\u00e1rio de registro. Voc\u00ea \u00e9 respons\u00e1vel por manter a confidencialidade das informa\u00e7\u00f5es de login da sua Conta.<\/p>\n\n\n\n<p>3.2. <strong>Responsabilidades da conta:<\/strong> Voc\u00ea \u00e9 totalmente respons\u00e1vel por todas as atividades que ocorrem em sua conta. Notifique-nos imediatamente sobre qualquer uso n\u00e3o autorizado ou suspeita de viola\u00e7\u00e3o de seguran\u00e7a.<\/p>\n\n\n\n<ol start=\"4\" class=\"wp-block-list\">\n<li><strong>Acesso ao site<\/strong><\/li>\n<\/ol>\n\n\n\n<p>4.1. <strong>Restri\u00e7\u00f5es:<\/strong> Voc\u00ea concorda em n\u00e3o se envolver em qualquer uso n\u00e3o autorizado do Site, incluindo a modifica\u00e7\u00e3o, distribui\u00e7\u00e3o ou reprodu\u00e7\u00e3o de qualquer conte\u00fado sem autoriza\u00e7\u00e3o pr\u00e9via.<\/p>\n\n\n\n<p>4.2. <strong>Modifica\u00e7\u00e3o:<\/strong> Reservamo-nos o direito de modificar, suspender ou descontinuar o Site a qualquer momento, sem aviso pr\u00e9vio. N\u00e3o nos responsabilizamos por nenhuma dessas modifica\u00e7\u00f5es ou interrup\u00e7\u00f5es.<\/p>\n\n\n\n<ol start=\"5\" class=\"wp-block-list\">\n<li><strong>Conte\u00fado do usu\u00e1rio<\/strong><\/li>\n<\/ol>\n\n\n\n<p>5.1. <strong>Conte\u00fado do usu\u00e1rio:<\/strong> Voc\u00ea \u00e9 o \u00fanico respons\u00e1vel por qualquer informa\u00e7\u00e3o ou conte\u00fado que enviar ao Site (\"Conte\u00fado do Usu\u00e1rio\"). Voc\u00ea concede \u00e0 BonitoPak uma licen\u00e7a n\u00e3o exclusiva para usar, reproduzir e exibir seu Conte\u00fado de Usu\u00e1rio com o prop\u00f3sito de fornecer nossos servi\u00e7os.<\/p>\n\n\n\n<p>5.2. <strong>Pol\u00edtica de uso aceit\u00e1vel:<\/strong> O uso do Site e o envio de Conte\u00fado do Usu\u00e1rio devem estar em conformidade com a nossa Pol\u00edtica de Uso Aceit\u00e1vel, que pro\u00edbe determinadas a\u00e7\u00f5es, inclusive o upload de conte\u00fado nocivo ou infrator.<\/p>\n\n\n\n<ol start=\"6\" class=\"wp-block-list\">\n<li><strong>Links e an\u00fancios de terceiros<\/strong><\/li>\n<\/ol>\n\n\n\n<p>6.1. <strong>Links e an\u00fancios de terceiros:<\/strong> O Site pode conter links para sites e an\u00fancios de terceiros. N\u00e3o somos respons\u00e1veis pelo conte\u00fado ou pelas pr\u00e1ticas de sites de terceiros.<\/p>\n\n\n\n<ol start=\"7\" class=\"wp-block-list\">\n<li><strong>Indeniza\u00e7\u00e3o<\/strong><\/li>\n<\/ol>\n\n\n\n<p>Voc\u00ea concorda em indenizar e isentar a BonitoPak de quaisquer reivindica\u00e7\u00f5es decorrentes do seu uso do Site ou da viola\u00e7\u00e3o destes Termos.<\/p>\n\n\n\n<ol start=\"8\" class=\"wp-block-list\">\n<li><strong>Isen\u00e7\u00f5es de responsabilidade<\/strong><\/li>\n<\/ol>\n\n\n\n<p>8.1. <strong>Informa\u00e7\u00f5es gerais:<\/strong> O Site e nossos servi\u00e7os s\u00e3o fornecidos apenas para fins informativos gerais e n\u00e3o constituem aconselhamento profissional.<\/p>\n\n\n\n<p>8.2. <strong>Isen\u00e7\u00e3o de garantias:<\/strong> O BonitoPak n\u00e3o oferece garantias com rela\u00e7\u00e3o \u00e0 disponibilidade, precis\u00e3o ou confiabilidade do Site. Seu uso do Site \u00e9 de seu pr\u00f3prio risco.<\/p>\n\n\n\n<ol start=\"9\" class=\"wp-block-list\">\n<li><strong>Limita\u00e7\u00e3o de responsabilidade<\/strong><\/li>\n<\/ol>\n\n\n\n<p>O BonitoPak n\u00e3o ser\u00e1 respons\u00e1vel por quaisquer danos decorrentes do uso do Site, incluindo, mas n\u00e3o se limitando a, perda de lucros ou dados.<\/p>\n\n\n\n<ol start=\"10\" class=\"wp-block-list\">\n<li><strong>Prazo e rescis\u00e3o<\/strong><\/li>\n<\/ol>\n\n\n\n<p>Estes Termos permanecem em vigor at\u00e9 serem rescindidos por qualquer uma das partes. Reservamo-nos o direito de suspender ou encerrar seu acesso ao Site a qualquer momento.<\/p>\n\n\n\n<ol start=\"11\" class=\"wp-block-list\">\n<li><strong>Diversos<\/strong><\/li>\n<\/ol>\n\n\n\n<p>Estes Termos constituem o acordo integral entre voc\u00ea e a BonitoPak com rela\u00e7\u00e3o ao Site. Eles s\u00e3o regidos pelas leis da PCR China. Quaisquer disputas dever\u00e3o ser resolvidas nos tribunais da China.<\/p>\n\n\n\n<p><strong>Entre em contato conosco<\/strong><\/p>\n\n\n\n<p>Se tiver alguma d\u00favida ou preocupa\u00e7\u00e3o sobre estes Termos, entre em contato conosco.<\/p>\n\n\n\n<p>Obrigado por usar o BonitoPak!<\/p>","protected":false},"excerpt":{"rendered":"<p>Welcome to BonitoPak! Welcome to BonitoPak, an online platform designed to provide a seamless experience for machining professionals, enthusiasts, and industry specialists alike. These Terms of Use (the \u201cTerms\u201d) outline the rules and regulations governing your use of the BonitoPak website and services (the \u201cSite\u201d). By accessing or using the Site, you agree to be [&hellip;]<\/p>\n","protected":false},"author":2,"featured_media":0,"parent":0,"menu_order":0,"comment_status":"closed","ping_status":"closed","template":"","meta":{"_acf_changed":false,"inline_featured_image":false,"footnotes":""},"class_list":["post-3388","page","type-page","status-publish","hentry"],"acf":[],"yoast_head":"<!-- This site is optimized with the Yoast SEO Premium plugin v25.9 (Yoast SEO v27.0) - https:\/\/yoast.com\/product\/yoast-seo-premium-wordpress\/ -->\n<title>Terms of use - BonitoPak<\/title>\n<meta name=\"robots\" content=\"index, follow, max-snippet:-1, max-image-preview:large, max-video-preview:-1\" \/>\n<link rel=\"canonical\" href=\"https:\/\/bonitopak.com\/pt\/termos-de-uso\/\" \/>\n<meta property=\"og:locale\" content=\"pt_BR\" \/>\n<meta property=\"og:type\" content=\"article\" \/>\n<meta property=\"og:title\" content=\"Terms of use\" \/>\n<meta property=\"og:description\" content=\"Welcome to BonitoPak! Welcome to BonitoPak, an online platform designed to provide a seamless experience for machining professionals, enthusiasts, and industry specialists alike. These Terms of Use (the \u201cTerms\u201d) outline the rules and regulations governing your use of the BonitoPak website and services (the \u201cSite\u201d). By accessing or using the Site, you agree to be [&hellip;]\" \/>\n<meta property=\"og:url\" content=\"https:\/\/bonitopak.com\/pt\/termos-de-uso\/\" \/>\n<meta property=\"og:site_name\" content=\"BonitoPak\" \/>\n<meta property=\"article:modified_time\" content=\"2024-09-18T06:33:16+00:00\" \/>\n<meta name=\"twitter:card\" content=\"summary_large_image\" \/>\n<meta name=\"twitter:label1\" content=\"Est. tempo de leitura\" \/>\n\t<meta name=\"twitter:data1\" content=\"3 minutos\" \/>\n<script type=\"application\/ld+json\" class=\"yoast-schema-graph\">{\"@context\":\"https:\/\/schema.org\",\"@graph\":[{\"@type\":\"WebPage\",\"@id\":\"https:\/\/bonitopak.com\/terms-of-use\/\",\"url\":\"https:\/\/bonitopak.com\/terms-of-use\/\",\"name\":\"Terms of use - BonitoPak\",\"isPartOf\":{\"@id\":\"https:\/\/bonitopak.com\/#website\"},\"datePublished\":\"2024-05-19T14:36:47+00:00\",\"dateModified\":\"2024-09-18T06:33:16+00:00\",\"breadcrumb\":{\"@id\":\"https:\/\/bonitopak.com\/terms-of-use\/#breadcrumb\"},\"inLanguage\":\"pt-BR\",\"potentialAction\":[{\"@type\":\"ReadAction\",\"target\":[\"https:\/\/bonitopak.com\/terms-of-use\/\"]}]},{\"@type\":\"BreadcrumbList\",\"@id\":\"https:\/\/bonitopak.com\/terms-of-use\/#breadcrumb\",\"itemListElement\":[{\"@type\":\"ListItem\",\"position\":1,\"name\":\"Home\",\"item\":\"https:\/\/bonitopak.com\/\"},{\"@type\":\"ListItem\",\"position\":2,\"name\":\"Terms of use\"}]},{\"@type\":\"WebSite\",\"@id\":\"https:\/\/bonitopak.com\/#website\",\"url\":\"https:\/\/bonitopak.com\/\",\"name\":\"BonitoPak\",\"description\":\"\",\"publisher\":{\"@id\":\"https:\/\/bonitopak.com\/#organization\"},\"potentialAction\":[{\"@type\":\"SearchAction\",\"target\":{\"@type\":\"EntryPoint\",\"urlTemplate\":\"https:\/\/bonitopak.com\/?s={search_term_string}\"},\"query-input\":{\"@type\":\"PropertyValueSpecification\",\"valueRequired\":true,\"valueName\":\"search_term_string\"}}],\"inLanguage\":\"pt-BR\"},{\"@type\":\"Organization\",\"@id\":\"https:\/\/bonitopak.com\/#organization\",\"name\":\"BonitoPak\",\"url\":\"https:\/\/bonitopak.com\/\",\"logo\":{\"@type\":\"ImageObject\",\"inLanguage\":\"pt-BR\",\"@id\":\"https:\/\/bonitopak.com\/#\/schema\/logo\/image\/\",\"url\":\"https:\/\/bonitopak.com\/wp-content\/uploads\/2024\/03\/bonito-pak-logo.webp\",\"contentUrl\":\"https:\/\/bonitopak.com\/wp-content\/uploads\/2024\/03\/bonito-pak-logo.webp\",\"width\":281,\"height\":80,\"caption\":\"BonitoPak\"},\"image\":{\"@id\":\"https:\/\/bonitopak.com\/#\/schema\/logo\/image\/\"}}]}<\/script>\n<!-- \/ Yoast SEO Premium plugin. -->","yoast_head_json":{"title":"Termos de uso - BonitoPak","robots":{"index":"index","follow":"follow","max-snippet":"max-snippet:-1","max-image-preview":"max-image-preview:large","max-video-preview":"max-video-preview:-1"},"canonical":"https:\/\/bonitopak.com\/pt\/termos-de-uso\/","og_locale":"pt_BR","og_type":"article","og_title":"Terms of use","og_description":"Welcome to BonitoPak! Welcome to BonitoPak, an online platform designed to provide a seamless experience for machining professionals, enthusiasts, and industry specialists alike. These Terms of Use (the \u201cTerms\u201d) outline the rules and regulations governing your use of the BonitoPak website and services (the \u201cSite\u201d). By accessing or using the Site, you agree to be [&hellip;]","og_url":"https:\/\/bonitopak.com\/pt\/termos-de-uso\/","og_site_name":"BonitoPak","article_modified_time":"2024-09-18T06:33:16+00:00","twitter_card":"summary_large_image","twitter_misc":{"Est. tempo de leitura":"3 minutos"},"schema":{"@context":"https:\/\/schema.org","@graph":[{"@type":"WebPage","@id":"https:\/\/bonitopak.com\/terms-of-use\/","url":"https:\/\/bonitopak.com\/terms-of-use\/","name":"Termos de uso - BonitoPak","isPartOf":{"@id":"https:\/\/bonitopak.com\/#website"},"datePublished":"2024-05-19T14:36:47+00:00","dateModified":"2024-09-18T06:33:16+00:00","breadcrumb":{"@id":"https:\/\/bonitopak.com\/terms-of-use\/#breadcrumb"},"inLanguage":"pt-BR","potentialAction":[{"@type":"ReadAction","target":["https:\/\/bonitopak.com\/terms-of-use\/"]}]},{"@type":"BreadcrumbList","@id":"https:\/\/bonitopak.com\/terms-of-use\/#breadcrumb","itemListElement":[{"@type":"ListItem","position":1,"name":"Home","item":"https:\/\/bonitopak.com\/"},{"@type":"ListItem","position":2,"name":"Terms of use"}]},{"@type":"WebSite","@id":"https:\/\/bonitopak.com\/#website","url":"https:\/\/bonitopak.com\/","name":"BonitoPak","description":"","publisher":{"@id":"https:\/\/bonitopak.com\/#organization"},"potentialAction":[{"@type":"SearchAction","target":{"@type":"EntryPoint","urlTemplate":"https:\/\/bonitopak.com\/?s={search_term_string}"},"query-input":{"@type":"PropertyValueSpecification","valueRequired":true,"valueName":"search_term_string"}}],"inLanguage":"pt-BR"},{"@type":"Organization","@id":"https:\/\/bonitopak.com\/#organization","name":"BonitoPak","url":"https:\/\/bonitopak.com\/","logo":{"@type":"ImageObject","inLanguage":"pt-BR","@id":"https:\/\/bonitopak.com\/#\/schema\/logo\/image\/","url":"https:\/\/bonitopak.com\/wp-content\/uploads\/2024\/03\/bonito-pak-logo.webp","contentUrl":"https:\/\/bonitopak.com\/wp-content\/uploads\/2024\/03\/bonito-pak-logo.webp","width":281,"height":80,"caption":"BonitoPak"},"image":{"@id":"https:\/\/bonitopak.com\/#\/schema\/logo\/image\/"}}]}},"_links":{"self":[{"href":"https:\/\/bonitopak.com\/pt\/wp-json\/wp\/v2\/pages\/3388","targetHints":{"allow":["GET"]}}],"collection":[{"href":"https:\/\/bonitopak.com\/pt\/wp-json\/wp\/v2\/pages"}],"about":[{"href":"https:\/\/bonitopak.com\/pt\/wp-json\/wp\/v2\/types\/page"}],"author":[{"embeddable":true,"href":"https:\/\/bonitopak.com\/pt\/wp-json\/wp\/v2\/users\/2"}],"replies":[{"embeddable":true,"href":"https:\/\/bonitopak.com\/pt\/wp-json\/wp\/v2\/comments?post=3388"}],"version-history":[{"count":0,"href":"https:\/\/bonitopak.com\/pt\/wp-json\/wp\/v2\/pages\/3388\/revisions"}],"wp:attachment":[{"href":"https:\/\/bonitopak.com\/pt\/wp-json\/wp\/v2\/media?parent=3388"}],"curies":[{"name":"wp","href":"https:\/\/api.w.org\/{rel}","templated":true}]}}