{"id":3388,"date":"2024-05-19T14:36:47","date_gmt":"2024-05-19T14:36:47","guid":{"rendered":"https:\/\/bonitopak.com\/?page_id=3388"},"modified":"2024-09-18T06:33:16","modified_gmt":"2024-09-18T06:33:16","slug":"conditions-dutilisation","status":"publish","type":"page","link":"https:\/\/bonitopak.com\/fr\/conditions-dutilisation\/","title":{"rendered":"Conditions d'utilisation"},"content":{"rendered":"<p><strong>Bienvenue chez BonitoPak !<\/strong><\/p>\n\n\n\n<p>Bienvenue sur BonitoPak, une plateforme en ligne con\u00e7ue pour offrir une exp\u00e9rience transparente aux professionnels de l'usinage, aux passionn\u00e9s et aux sp\u00e9cialistes de l'industrie. Les pr\u00e9sentes conditions d'utilisation (les \"conditions\") d\u00e9crivent les r\u00e8gles et r\u00e8glements r\u00e9gissant votre utilisation du site web et des services de BonitoPak (le \"site\"). En acc\u00e9dant au site ou en l'utilisant, vous acceptez d'\u00eatre li\u00e9 par ces conditions.<\/p>\n\n\n\n<ol class=\"wp-block-list\">\n<li><strong>G\u00e9n\u00e9ral<\/strong><\/li>\n<\/ol>\n\n\n\n<p>BonitoPak est d\u00e9tenu et exploit\u00e9 par BonitoPak, Inc. Dans les pr\u00e9sentes conditions, \"BonitoPak\", \"nous\", \"notre\" ou \"nos\" font r\u00e9f\u00e9rence \u00e0 BonitoPak, Inc. Le site, y compris l'ensemble de son contenu, de ses caract\u00e9ristiques et de ses fonctionnalit\u00e9s, est la propri\u00e9t\u00e9 de BonitoPak, qui en d\u00e9tient les droits d'auteur.<\/p>\n\n\n\n<ol start=\"2\" class=\"wp-block-list\">\n<li><strong>Acceptation des conditions<\/strong><\/li>\n<\/ol>\n\n\n\n<p>En acc\u00e9dant au site ou en l'utilisant, vous affirmez que vous avez au moins 18 ans ou que vous avez atteint l'\u00e2ge l\u00e9gal requis pour conclure des contrats contraignants dans votre juridiction. Si vous n'\u00eates pas d'accord avec l'une des dispositions des pr\u00e9sentes conditions, vous ne pouvez pas acc\u00e9der au site ni l'utiliser.<\/p>\n\n\n\n<ol start=\"3\" class=\"wp-block-list\">\n<li><strong>Enregistrement du compte<\/strong><\/li>\n<\/ol>\n\n\n\n<p>3.1. <strong>Cr\u00e9ation de compte :<\/strong> Pour acc\u00e9der \u00e0 certaines fonctionnalit\u00e9s du site, vous devez ouvrir un compte (\"compte\") et fournir des informations exactes comme le demande le formulaire d'inscription. Vous \u00eates responsable du maintien de la confidentialit\u00e9 des informations de connexion \u00e0 votre compte.<\/p>\n\n\n\n<p>3.2. <strong>Responsabilit\u00e9s du compte :<\/strong> Vous \u00eates enti\u00e8rement responsable de toutes les activit\u00e9s qui se d\u00e9roulent sur votre compte. Notifiez-nous imm\u00e9diatement toute utilisation non autoris\u00e9e ou toute suspicion de violation de la s\u00e9curit\u00e9.<\/p>\n\n\n\n<ol start=\"4\" class=\"wp-block-list\">\n<li><strong>Acc\u00e8s au site<\/strong><\/li>\n<\/ol>\n\n\n\n<p>4.1. <strong>Restrictions :<\/strong> Vous vous engagez \u00e0 ne pas faire d'utilisation non autoris\u00e9e du site, y compris la modification, la distribution ou la reproduction de tout contenu sans autorisation pr\u00e9alable.<\/p>\n\n\n\n<p>4.2. <strong>Modification :<\/strong> Nous nous r\u00e9servons le droit de modifier, de suspendre ou d'interrompre le site \u00e0 tout moment et sans pr\u00e9avis. Nous ne sommes pas responsables de ces modifications ou interruptions.<\/p>\n\n\n\n<ol start=\"5\" class=\"wp-block-list\">\n<li><strong>Contenu utilisateur<\/strong><\/li>\n<\/ol>\n\n\n\n<p>5.1. <strong>Contenu de l'utilisateur :<\/strong> Vous \u00eates seul responsable de toute information ou de tout contenu que vous soumettez au site (\"contenu de l'utilisateur\"). Vous accordez \u00e0 BonitoPak une licence non exclusive d'utilisation, de reproduction et d'affichage de votre contenu utilisateur dans le but de fournir nos services.<\/p>\n\n\n\n<p>5.2. <strong>Politique d'utilisation acceptable :<\/strong> Votre utilisation du site et l'envoi de contenu utilisateur doivent \u00eatre conformes \u00e0 notre politique d'utilisation acceptable, qui interdit certaines actions, notamment le t\u00e9l\u00e9chargement de contenu pr\u00e9judiciable ou illicite.<\/p>\n\n\n\n<ol start=\"6\" class=\"wp-block-list\">\n<li><strong>Liens et publicit\u00e9s de tiers<\/strong><\/li>\n<\/ol>\n\n\n\n<p>6.1. <strong>Liens et publicit\u00e9s de tiers :<\/strong> Le site peut contenir des liens vers des sites web et des publicit\u00e9s de tiers. Nous ne sommes pas responsables du contenu ou des pratiques des sites tiers.<\/p>\n\n\n\n<ol start=\"7\" class=\"wp-block-list\">\n<li><strong>Indemnisation<\/strong><\/li>\n<\/ol>\n\n\n\n<p>Vous acceptez d'indemniser et de d\u00e9gager BonitoPak de toute responsabilit\u00e9 en cas de r\u00e9clamation d\u00e9coulant de votre utilisation du site ou de la violation des pr\u00e9sentes conditions.<\/p>\n\n\n\n<ol start=\"8\" class=\"wp-block-list\">\n<li><strong>Clause de non-responsabilit\u00e9<\/strong><\/li>\n<\/ol>\n\n\n\n<p>8.1. <strong>Informations g\u00e9n\u00e9rales :<\/strong> Le site et nos services sont fournis \u00e0 titre d'information g\u00e9n\u00e9rale uniquement et ne constituent pas des conseils professionnels.<\/p>\n\n\n\n<p>8.2. <strong>Exclusion de garantie :<\/strong> BonitoPak n'offre aucune garantie quant \u00e0 la disponibilit\u00e9, l'exactitude ou la fiabilit\u00e9 du site. Vous utilisez le site \u00e0 vos propres risques.<\/p>\n\n\n\n<ol start=\"9\" class=\"wp-block-list\">\n<li><strong>Limitation de la responsabilit\u00e9<\/strong><\/li>\n<\/ol>\n\n\n\n<p>BonitoPak ne sera pas responsable des dommages r\u00e9sultant de l'utilisation du site, y compris, mais sans s'y limiter, les pertes de profits ou de donn\u00e9es.<\/p>\n\n\n\n<ol start=\"10\" class=\"wp-block-list\">\n<li><strong>Dur\u00e9e et r\u00e9siliation<\/strong><\/li>\n<\/ol>\n\n\n\n<p>Les pr\u00e9sentes conditions restent en vigueur jusqu'\u00e0 ce qu'elles soient r\u00e9sili\u00e9es par l'une ou l'autre des parties. Nous nous r\u00e9servons le droit de suspendre ou de r\u00e9silier votre acc\u00e8s au site \u00e0 tout moment.<\/p>\n\n\n\n<ol start=\"11\" class=\"wp-block-list\">\n<li><strong>Divers<\/strong><\/li>\n<\/ol>\n\n\n\n<p>Les pr\u00e9sentes conditions constituent l'int\u00e9gralit\u00e9 de l'accord entre vous et BonitoPak concernant le site. Elles sont r\u00e9gies par les lois de la Chine. Tout litige sera r\u00e9solu par les tribunaux de la Chine.<\/p>\n\n\n\n<p><strong>Nous contacter<\/strong><\/p>\n\n\n\n<p>Si vous avez des questions ou des pr\u00e9occupations concernant ces conditions, veuillez nous contacter.<\/p>\n\n\n\n<p>Merci d'avoir utilis\u00e9 BonitoPak !<\/p>","protected":false},"excerpt":{"rendered":"<p>Welcome to BonitoPak! Welcome to BonitoPak, an online platform designed to provide a seamless experience for machining professionals, enthusiasts, and industry specialists alike. These Terms of Use (the \u201cTerms\u201d) outline the rules and regulations governing your use of the BonitoPak website and services (the \u201cSite\u201d). By accessing or using the Site, you agree to be [&hellip;]<\/p>\n","protected":false},"author":2,"featured_media":0,"parent":0,"menu_order":0,"comment_status":"closed","ping_status":"closed","template":"","meta":{"_acf_changed":false,"inline_featured_image":false,"footnotes":""},"class_list":["post-3388","page","type-page","status-publish","hentry"],"acf":[],"yoast_head":"<!-- This site is optimized with the Yoast SEO Premium plugin v25.9 (Yoast SEO v27.0) - https:\/\/yoast.com\/product\/yoast-seo-premium-wordpress\/ -->\n<title>Terms of use - BonitoPak<\/title>\n<meta name=\"robots\" content=\"index, follow, max-snippet:-1, max-image-preview:large, max-video-preview:-1\" \/>\n<link rel=\"canonical\" href=\"https:\/\/bonitopak.com\/fr\/conditions-dutilisation\/\" \/>\n<meta property=\"og:locale\" content=\"fr_FR\" \/>\n<meta property=\"og:type\" content=\"article\" \/>\n<meta property=\"og:title\" content=\"Terms of use\" \/>\n<meta property=\"og:description\" content=\"Welcome to BonitoPak! Welcome to BonitoPak, an online platform designed to provide a seamless experience for machining professionals, enthusiasts, and industry specialists alike. These Terms of Use (the \u201cTerms\u201d) outline the rules and regulations governing your use of the BonitoPak website and services (the \u201cSite\u201d). By accessing or using the Site, you agree to be [&hellip;]\" \/>\n<meta property=\"og:url\" content=\"https:\/\/bonitopak.com\/fr\/conditions-dutilisation\/\" \/>\n<meta property=\"og:site_name\" content=\"BonitoPak\" \/>\n<meta property=\"article:modified_time\" content=\"2024-09-18T06:33:16+00:00\" \/>\n<meta name=\"twitter:card\" content=\"summary_large_image\" \/>\n<meta name=\"twitter:label1\" content=\"Dur\u00e9e de lecture estim\u00e9e\" \/>\n\t<meta name=\"twitter:data1\" content=\"3 minutes\" \/>\n<script type=\"application\/ld+json\" class=\"yoast-schema-graph\">{\"@context\":\"https:\/\/schema.org\",\"@graph\":[{\"@type\":\"WebPage\",\"@id\":\"https:\/\/bonitopak.com\/terms-of-use\/\",\"url\":\"https:\/\/bonitopak.com\/terms-of-use\/\",\"name\":\"Terms of use - BonitoPak\",\"isPartOf\":{\"@id\":\"https:\/\/bonitopak.com\/#website\"},\"datePublished\":\"2024-05-19T14:36:47+00:00\",\"dateModified\":\"2024-09-18T06:33:16+00:00\",\"breadcrumb\":{\"@id\":\"https:\/\/bonitopak.com\/terms-of-use\/#breadcrumb\"},\"inLanguage\":\"fr-FR\",\"potentialAction\":[{\"@type\":\"ReadAction\",\"target\":[\"https:\/\/bonitopak.com\/terms-of-use\/\"]}]},{\"@type\":\"BreadcrumbList\",\"@id\":\"https:\/\/bonitopak.com\/terms-of-use\/#breadcrumb\",\"itemListElement\":[{\"@type\":\"ListItem\",\"position\":1,\"name\":\"Home\",\"item\":\"https:\/\/bonitopak.com\/\"},{\"@type\":\"ListItem\",\"position\":2,\"name\":\"Terms of use\"}]},{\"@type\":\"WebSite\",\"@id\":\"https:\/\/bonitopak.com\/#website\",\"url\":\"https:\/\/bonitopak.com\/\",\"name\":\"BonitoPak\",\"description\":\"\",\"publisher\":{\"@id\":\"https:\/\/bonitopak.com\/#organization\"},\"potentialAction\":[{\"@type\":\"SearchAction\",\"target\":{\"@type\":\"EntryPoint\",\"urlTemplate\":\"https:\/\/bonitopak.com\/?s={search_term_string}\"},\"query-input\":{\"@type\":\"PropertyValueSpecification\",\"valueRequired\":true,\"valueName\":\"search_term_string\"}}],\"inLanguage\":\"fr-FR\"},{\"@type\":\"Organization\",\"@id\":\"https:\/\/bonitopak.com\/#organization\",\"name\":\"BonitoPak\",\"url\":\"https:\/\/bonitopak.com\/\",\"logo\":{\"@type\":\"ImageObject\",\"inLanguage\":\"fr-FR\",\"@id\":\"https:\/\/bonitopak.com\/#\/schema\/logo\/image\/\",\"url\":\"https:\/\/bonitopak.com\/wp-content\/uploads\/2024\/03\/bonito-pak-logo.webp\",\"contentUrl\":\"https:\/\/bonitopak.com\/wp-content\/uploads\/2024\/03\/bonito-pak-logo.webp\",\"width\":281,\"height\":80,\"caption\":\"BonitoPak\"},\"image\":{\"@id\":\"https:\/\/bonitopak.com\/#\/schema\/logo\/image\/\"}}]}<\/script>\n<!-- \/ Yoast SEO Premium plugin. -->","yoast_head_json":{"title":"Conditions d'utilisation - BonitoPak","robots":{"index":"index","follow":"follow","max-snippet":"max-snippet:-1","max-image-preview":"max-image-preview:large","max-video-preview":"max-video-preview:-1"},"canonical":"https:\/\/bonitopak.com\/fr\/conditions-dutilisation\/","og_locale":"fr_FR","og_type":"article","og_title":"Terms of use","og_description":"Welcome to BonitoPak! Welcome to BonitoPak, an online platform designed to provide a seamless experience for machining professionals, enthusiasts, and industry specialists alike. These Terms of Use (the \u201cTerms\u201d) outline the rules and regulations governing your use of the BonitoPak website and services (the \u201cSite\u201d). By accessing or using the Site, you agree to be [&hellip;]","og_url":"https:\/\/bonitopak.com\/fr\/conditions-dutilisation\/","og_site_name":"BonitoPak","article_modified_time":"2024-09-18T06:33:16+00:00","twitter_card":"summary_large_image","twitter_misc":{"Dur\u00e9e de lecture estim\u00e9e":"3 minutes"},"schema":{"@context":"https:\/\/schema.org","@graph":[{"@type":"WebPage","@id":"https:\/\/bonitopak.com\/terms-of-use\/","url":"https:\/\/bonitopak.com\/terms-of-use\/","name":"Conditions d'utilisation - BonitoPak","isPartOf":{"@id":"https:\/\/bonitopak.com\/#website"},"datePublished":"2024-05-19T14:36:47+00:00","dateModified":"2024-09-18T06:33:16+00:00","breadcrumb":{"@id":"https:\/\/bonitopak.com\/terms-of-use\/#breadcrumb"},"inLanguage":"fr-FR","potentialAction":[{"@type":"ReadAction","target":["https:\/\/bonitopak.com\/terms-of-use\/"]}]},{"@type":"BreadcrumbList","@id":"https:\/\/bonitopak.com\/terms-of-use\/#breadcrumb","itemListElement":[{"@type":"ListItem","position":1,"name":"Home","item":"https:\/\/bonitopak.com\/"},{"@type":"ListItem","position":2,"name":"Terms of use"}]},{"@type":"WebSite","@id":"https:\/\/bonitopak.com\/#website","url":"https:\/\/bonitopak.com\/","name":"BonitoPak","description":"","publisher":{"@id":"https:\/\/bonitopak.com\/#organization"},"potentialAction":[{"@type":"SearchAction","target":{"@type":"EntryPoint","urlTemplate":"https:\/\/bonitopak.com\/?s={search_term_string}"},"query-input":{"@type":"PropertyValueSpecification","valueRequired":true,"valueName":"search_term_string"}}],"inLanguage":"fr-FR"},{"@type":"Organization","@id":"https:\/\/bonitopak.com\/#organization","name":"BonitoPak","url":"https:\/\/bonitopak.com\/","logo":{"@type":"ImageObject","inLanguage":"fr-FR","@id":"https:\/\/bonitopak.com\/#\/schema\/logo\/image\/","url":"https:\/\/bonitopak.com\/wp-content\/uploads\/2024\/03\/bonito-pak-logo.webp","contentUrl":"https:\/\/bonitopak.com\/wp-content\/uploads\/2024\/03\/bonito-pak-logo.webp","width":281,"height":80,"caption":"BonitoPak"},"image":{"@id":"https:\/\/bonitopak.com\/#\/schema\/logo\/image\/"}}]}},"_links":{"self":[{"href":"https:\/\/bonitopak.com\/fr\/wp-json\/wp\/v2\/pages\/3388","targetHints":{"allow":["GET"]}}],"collection":[{"href":"https:\/\/bonitopak.com\/fr\/wp-json\/wp\/v2\/pages"}],"about":[{"href":"https:\/\/bonitopak.com\/fr\/wp-json\/wp\/v2\/types\/page"}],"author":[{"embeddable":true,"href":"https:\/\/bonitopak.com\/fr\/wp-json\/wp\/v2\/users\/2"}],"replies":[{"embeddable":true,"href":"https:\/\/bonitopak.com\/fr\/wp-json\/wp\/v2\/comments?post=3388"}],"version-history":[{"count":0,"href":"https:\/\/bonitopak.com\/fr\/wp-json\/wp\/v2\/pages\/3388\/revisions"}],"wp:attachment":[{"href":"https:\/\/bonitopak.com\/fr\/wp-json\/wp\/v2\/media?parent=3388"}],"curies":[{"name":"wp","href":"https:\/\/api.w.org\/{rel}","templated":true}]}}