{"id":3284,"date":"2024-05-19T12:09:19","date_gmt":"2024-05-19T12:09:19","guid":{"rendered":"https:\/\/bonitopak.com\/?page_id=3284"},"modified":"2024-10-02T02:34:16","modified_gmt":"2024-10-02T02:34:16","slug":"protection-ip","status":"publish","type":"page","link":"https:\/\/bonitopak.com\/fr\/protection-ip\/","title":{"rendered":"Protection IP"},"content":{"rendered":"<div data-elementor-type=\"wp-page\" data-elementor-id=\"3284\" class=\"elementor elementor-3284\" data-elementor-post-type=\"page\">\n\t\t\t\t<div class=\"elementor-element elementor-element-2298954 e-con-full e-flex e-con e-parent\" data-id=\"2298954\" data-element_type=\"container\" data-e-type=\"container\" data-settings=\"{&quot;background_background&quot;:&quot;classic&quot;,&quot;ekit_has_onepagescroll_dot&quot;:&quot;yes&quot;}\">\n\t\t<div class=\"elementor-element elementor-element-195a48f e-flex e-con-boxed e-con e-child\" data-id=\"195a48f\" data-element_type=\"container\" data-e-type=\"container\" data-settings=\"{&quot;ekit_has_onepagescroll_dot&quot;:&quot;yes&quot;}\">\n\t\t\t\t\t<div class=\"e-con-inner\">\n\t\t\t\t<div class=\"elementor-element elementor-element-2e3d482 elementor-widget elementor-widget-text-editor\" data-id=\"2e3d482\" data-element_type=\"widget\" data-e-type=\"widget\" data-settings=\"{&quot;ekit_we_effect_on&quot;:&quot;none&quot;}\" data-widget_type=\"text-editor.default\">\n\t\t\t\t<div class=\"elementor-widget-container\">\n\t\t\t\t\t\t\t\t\tChez BonitoPak, nous accordons la priorit\u00e9 \u00e0 la s\u00e9curit\u00e9 et \u00e0 la confidentialit\u00e9 de votre propri\u00e9t\u00e9 intellectuelle, depuis le d\u00e9but de notre collaboration jusqu'\u00e0 la livraison du produit final. Gr\u00e2ce \u00e0 nos protocoles rigoureux, vous pouvez nous confier en toute confiance vos conceptions et donn\u00e9es pr\u00e9cieuses.\t\t\t\t\t\t\t\t<\/div>\n\t\t\t\t<\/div>\n\t\t\t\t\t<\/div>\n\t\t\t\t<\/div>\n\t\t\t\t<\/div>\n\t\t<div class=\"elementor-element elementor-element-5e98fe5 e-flex e-con-boxed e-con e-parent\" data-id=\"5e98fe5\" data-element_type=\"container\" data-e-type=\"container\" data-settings=\"{&quot;ekit_has_onepagescroll_dot&quot;:&quot;yes&quot;}\">\n\t\t\t\t\t<div class=\"e-con-inner\">\n\t\t<div class=\"elementor-element elementor-element-2757e9e e-flex e-con-boxed e-con e-child\" data-id=\"2757e9e\" data-element_type=\"container\" data-e-type=\"container\" data-settings=\"{&quot;ekit_has_onepagescroll_dot&quot;:&quot;yes&quot;}\">\n\t\t\t\t\t<div class=\"e-con-inner\">\n\t\t\t\t<div class=\"elementor-element elementor-element-67bef86 elementor-widget elementor-widget-text-editor\" data-id=\"67bef86\" data-element_type=\"widget\" data-e-type=\"widget\" data-settings=\"{&quot;ekit_we_effect_on&quot;:&quot;none&quot;}\" data-widget_type=\"text-editor.default\">\n\t\t\t\t<div class=\"elementor-widget-container\">\n\t\t\t\t\t\t\t\t\t<p><strong>Confidentialit\u00e9 totale tout au long du processus<\/strong><br \/>Notre engagement en mati\u00e8re de confidentialit\u00e9 fait partie int\u00e9grante de chaque \u00e9tape de notre service. De votre demande initiale \u00e0 l'ach\u00e8vement de votre projet, nous veillons \u00e0 ce que vos informations sensibles soient enti\u00e8rement prot\u00e9g\u00e9es. Nos conditions g\u00e9n\u00e9rales de vente d\u00e9crivent notre politique de confidentialit\u00e9, garantissant ainsi une transparence totale.<\/p><p>Pour une plus grande tranquillit\u00e9 d'esprit, nous offrons la possibilit\u00e9 de signer un accord de non-divulgation (NDA). Ce document juridique formalise notre engagement \u00e0 prot\u00e9ger vos informations confidentielles. Pour demander un accord de non-divulgation ou pour toute question relative \u00e0 la confidentialit\u00e9, contactez votre gestionnaire de compte ou adressez-vous \u00e0 nous \u00e0 l'adresse suivante <a rel=\"noopener\">info@BonitoPak.com<\/a>.<\/p><p><strong>Cryptage s\u00e9curis\u00e9 et localisation du serveur europ\u00e9en<\/strong><br \/>Nous garantissons des connexions s\u00e9curis\u00e9es et crypt\u00e9es pour toutes les interactions et tous les transferts de donn\u00e9es entre vous et nos partenaires de fabrication. Vos fichiers, vos communications et vos donn\u00e9es sont prot\u00e9g\u00e9s \u00e0 chaque \u00e9tape.<\/p><p>Toutes les donn\u00e9es sont stock\u00e9es sur des serveurs Amazon Web Services (AWS) situ\u00e9s en Europe, conform\u00e9ment aux r\u00e9glementations les plus strictes en mati\u00e8re de protection des donn\u00e9es. Les protocoles de s\u00e9curit\u00e9 de pointe d'AWS garantissent que vos actifs num\u00e9riques, y compris les mod\u00e8les et les dessins, sont conserv\u00e9s en toute s\u00e9curit\u00e9.<\/p><p><strong>Votre partenaire de confiance en mati\u00e8re de protection de la propri\u00e9t\u00e9 intellectuelle<\/strong><br \/>Chez BonitoPak, nous appr\u00e9cions la confiance que vous nous accordez pour prot\u00e9ger votre propri\u00e9t\u00e9 intellectuelle. Nos mesures de s\u00e9curit\u00e9 rigoureuses, nos accords juridiquement contraignants et notre technologie avanc\u00e9e refl\u00e8tent notre engagement in\u00e9branlable en faveur de la confidentialit\u00e9 et de la s\u00e9curit\u00e9.<\/p><p>Pour plus d'informations sur nos mesures de protection de la propri\u00e9t\u00e9 intellectuelle ou pour discuter de votre prochain projet, veuillez nous contacter \u00e0 l'adresse suivante <a rel=\"noopener\">info@BonitoPak.com<\/a>. Nous nous r\u00e9jouissons de construire un partenariat de confiance fond\u00e9 sur la s\u00e9curit\u00e9, l'int\u00e9grit\u00e9 et la confidentialit\u00e9.<\/p>\t\t\t\t\t\t\t\t<\/div>\n\t\t\t\t<\/div>\n\t\t\t\t\t<\/div>\n\t\t\t\t<\/div>\n\t\t\t\t\t<\/div>\n\t\t\t\t<\/div>\n\t\t<div class=\"elementor-element elementor-element-3e3ab9e e-con-full e-flex e-con e-parent\" data-id=\"3e3ab9e\" data-element_type=\"container\" data-e-type=\"container\" data-settings=\"{&quot;ekit_has_onepagescroll_dot&quot;:&quot;yes&quot;}\">\n\t\t\t\t<div class=\"elementor-element elementor-element-bdea2da elementor-widget elementor-widget-shortcode\" data-id=\"bdea2da\" data-element_type=\"widget\" data-e-type=\"widget\" data-settings=\"{&quot;ekit_we_effect_on&quot;:&quot;none&quot;}\" data-widget_type=\"shortcode.default\">\n\t\t\t\t<div class=\"elementor-widget-container\">\n\t\t\t\t\t\t\t<div class=\"elementor-shortcode\">\t\t<div data-elementor-type=\"container\" data-elementor-id=\"4421\" class=\"elementor elementor-4421\" data-elementor-post-type=\"elementor_library\">\n\t\t\t\t<div class=\"elementor-element elementor-element-fe2b94f e-flex e-con-boxed e-con e-parent\" data-id=\"fe2b94f\" data-element_type=\"container\" data-e-type=\"container\" data-settings=\"{&quot;ekit_has_onepagescroll_dot&quot;:&quot;yes&quot;}\">\n\t\t\t\t\t<div class=\"e-con-inner\">\n\t\t<div class=\"elementor-element elementor-element-11c7788 e-con-full e-flex e-con e-child\" data-id=\"11c7788\" data-element_type=\"container\" data-e-type=\"container\" data-settings=\"{&quot;background_background&quot;:&quot;classic&quot;,&quot;ekit_has_onepagescroll_dot&quot;:&quot;yes&quot;}\">\n\t\t\t\t<div class=\"elementor-element elementor-element-d1b3607 elementor-widget elementor-widget-heading\" data-id=\"d1b3607\" data-element_type=\"widget\" data-e-type=\"widget\" data-settings=\"{&quot;ekit_we_effect_on&quot;:&quot;none&quot;}\" data-widget_type=\"heading.default\">\n\t\t\t\t<div class=\"elementor-widget-container\">\n\t\t\t\t\t<h5 class=\"elementor-heading-title elementor-size-default\">Pr\u00eat \u00e0 \u00e9lever votre projet ?<\/h5>\t\t\t\t<\/div>\n\t\t\t\t<\/div>\n\t\t\t\t<div class=\"elementor-element elementor-element-7702c56 elementor-widget__width-initial elementor-widget-mobile__width-inherit elementor-widget elementor-widget-heading\" data-id=\"7702c56\" data-element_type=\"widget\" data-e-type=\"widget\" data-settings=\"{&quot;ekit_we_effect_on&quot;:&quot;none&quot;}\" data-widget_type=\"heading.default\">\n\t\t\t\t<div class=\"elementor-widget-container\">\n\t\t\t\t\t<h2 class=\"elementor-heading-title elementor-size-default\">Donnez vie \u00e0 vos dessins avec BonitoPak<\/h2>\t\t\t\t<\/div>\n\t\t\t\t<\/div>\n\t\t\t\t<div class=\"elementor-element elementor-element-02eb3d4 elementor-widget__width-initial elementor-widget-mobile__width-inherit elementor-widget elementor-widget-text-editor\" data-id=\"02eb3d4\" data-element_type=\"widget\" data-e-type=\"widget\" data-settings=\"{&quot;ekit_we_effect_on&quot;:&quot;none&quot;}\" data-widget_type=\"text-editor.default\">\n\t\t\t\t<div class=\"elementor-widget-container\">\n\t\t\t\t\t\t\t\t\tFaites l'exp\u00e9rience de l'ing\u00e9nierie de pr\u00e9cision avec BonitoPak. Des prototypes d\u00e9taill\u00e9s \u00e0 la production en grande quantit\u00e9, nous sommes l\u00e0 pour transformer vos concepts en r\u00e9alit\u00e9. Contactez-nous d\u00e8s aujourd'hui pour discuter des besoins de votre projet !\t\t\t\t\t\t\t\t<\/div>\n\t\t\t\t<\/div>\n\t\t\t\t<div class=\"elementor-element elementor-element-cf3ae77 elementor-widget elementor-widget-button\" data-id=\"cf3ae77\" data-element_type=\"widget\" data-e-type=\"widget\" data-settings=\"{&quot;ekit_we_effect_on&quot;:&quot;none&quot;}\" data-widget_type=\"button.default\">\n\t\t\t\t<div class=\"elementor-widget-container\">\n\t\t\t\t\t\t\t\t\t<div class=\"elementor-button-wrapper\">\n\t\t\t\t\t<a class=\"elementor-button elementor-button-link elementor-size-sm\" href=\"#elementor-action%3Aaction%3Dpopup%3Aopen%26settings%3DeyJpZCI6IjM4MDAiLCJ0b2dnbGUiOmZhbHNlfQ%3D%3D\">\n\t\t\t\t\t\t<span class=\"elementor-button-content-wrapper\">\n\t\t\t\t\t\t<span class=\"elementor-button-icon\">\n\t\t\t\t<svg aria-hidden=\"true\" class=\"e-font-icon-svg e-fas-arrow-circle-right\" viewbox=\"0 0 512 512\" xmlns=\"http:\/\/www.w3.org\/2000\/svg\"><path d=\"M256 8c137 0 248 111 248 248S393 504 256 504 8 393 8 256 119 8 256 8zm-28.9 143.6l75.5 72.4H120c-13.3 0-24 10.7-24 24v16c0 13.3 10.7 24 24 24h182.6l-75.5 72.4c-9.7 9.3-9.9 24.8-.4 34.3l11 10.9c9.4 9.4 24.6 9.4 33.9 0L404.3 273c9.4-9.4 9.4-24.6 0-33.9L271.6 106.3c-9.4-9.4-24.6-9.4-33.9 0l-11 10.9c-9.5 9.6-9.3 25.1.4 34.4z\"><\/path><\/svg>\t\t\t<\/span>\n\t\t\t\t\t\t\t\t\t<span class=\"elementor-button-text\">Obtenir un devis maintenant<\/span>\n\t\t\t\t\t<\/span>\n\t\t\t\t\t<\/a>\n\t\t\t\t<\/div>\n\t\t\t\t\t\t\t\t<\/div>\n\t\t\t\t<\/div>\n\t\t\t\t<\/div>\n\t\t\t\t\t<\/div>\n\t\t\t\t<\/div>\n\t\t\t\t<\/div>\n\t\t<\/div>\n\t\t\t\t\t\t<\/div>\n\t\t\t\t<\/div>\n\t\t\t\t<\/div>\n\t\t\t\t<\/div>","protected":false},"excerpt":{"rendered":"<p>At BonitoPak, we prioritize the security and confidentiality of your intellectual property (IP) from the start of our collaboration through to the final product delivery. With our stringent protocols, you can confidently entrust us with your valuable designs and data. Total Confidentiality Throughout the ProcessOur commitment to confidentiality is integral to every step of our [&hellip;]<\/p>\n","protected":false},"author":2,"featured_media":0,"parent":0,"menu_order":0,"comment_status":"closed","ping_status":"closed","template":"","meta":{"_acf_changed":false,"inline_featured_image":false,"footnotes":""},"class_list":["post-3284","page","type-page","status-publish","hentry"],"acf":[],"yoast_head":"<!-- This site is optimized with the Yoast SEO Premium plugin v25.9 (Yoast SEO v27.0) - https:\/\/yoast.com\/product\/yoast-seo-premium-wordpress\/ -->\n<title>IP Protection - BonitoPak<\/title>\n<meta name=\"robots\" content=\"index, follow, max-snippet:-1, max-image-preview:large, max-video-preview:-1\" \/>\n<link rel=\"canonical\" href=\"https:\/\/bonitopak.com\/fr\/protection-ip\/\" \/>\n<meta property=\"og:locale\" content=\"fr_FR\" \/>\n<meta property=\"og:type\" content=\"article\" \/>\n<meta property=\"og:title\" content=\"IP Protection\" \/>\n<meta property=\"og:description\" content=\"At BonitoPak, we prioritize the security and confidentiality of your intellectual property (IP) from the start of our collaboration through to the final product delivery. With our stringent protocols, you can confidently entrust us with your valuable designs and data. Total Confidentiality Throughout the ProcessOur commitment to confidentiality is integral to every step of our [&hellip;]\" \/>\n<meta property=\"og:url\" content=\"https:\/\/bonitopak.com\/fr\/protection-ip\/\" \/>\n<meta property=\"og:site_name\" content=\"BonitoPak\" \/>\n<meta property=\"article:modified_time\" content=\"2024-10-02T02:34:16+00:00\" \/>\n<meta name=\"twitter:card\" content=\"summary_large_image\" \/>\n<meta name=\"twitter:label1\" content=\"Dur\u00e9e de lecture estim\u00e9e\" \/>\n\t<meta name=\"twitter:data1\" content=\"2 minutes\" \/>\n<script type=\"application\/ld+json\" class=\"yoast-schema-graph\">{\"@context\":\"https:\/\/schema.org\",\"@graph\":[{\"@type\":\"WebPage\",\"@id\":\"https:\/\/bonitopak.com\/ip-protection\/\",\"url\":\"https:\/\/bonitopak.com\/ip-protection\/\",\"name\":\"IP Protection - BonitoPak\",\"isPartOf\":{\"@id\":\"https:\/\/bonitopak.com\/#website\"},\"datePublished\":\"2024-05-19T12:09:19+00:00\",\"dateModified\":\"2024-10-02T02:34:16+00:00\",\"breadcrumb\":{\"@id\":\"https:\/\/bonitopak.com\/ip-protection\/#breadcrumb\"},\"inLanguage\":\"fr-FR\",\"potentialAction\":[{\"@type\":\"ReadAction\",\"target\":[\"https:\/\/bonitopak.com\/ip-protection\/\"]}]},{\"@type\":\"BreadcrumbList\",\"@id\":\"https:\/\/bonitopak.com\/ip-protection\/#breadcrumb\",\"itemListElement\":[{\"@type\":\"ListItem\",\"position\":1,\"name\":\"Home\",\"item\":\"https:\/\/bonitopak.com\/\"},{\"@type\":\"ListItem\",\"position\":2,\"name\":\"IP Protection\"}]},{\"@type\":\"WebSite\",\"@id\":\"https:\/\/bonitopak.com\/#website\",\"url\":\"https:\/\/bonitopak.com\/\",\"name\":\"BonitoPak\",\"description\":\"\",\"publisher\":{\"@id\":\"https:\/\/bonitopak.com\/#organization\"},\"potentialAction\":[{\"@type\":\"SearchAction\",\"target\":{\"@type\":\"EntryPoint\",\"urlTemplate\":\"https:\/\/bonitopak.com\/?s={search_term_string}\"},\"query-input\":{\"@type\":\"PropertyValueSpecification\",\"valueRequired\":true,\"valueName\":\"search_term_string\"}}],\"inLanguage\":\"fr-FR\"},{\"@type\":\"Organization\",\"@id\":\"https:\/\/bonitopak.com\/#organization\",\"name\":\"BonitoPak\",\"url\":\"https:\/\/bonitopak.com\/\",\"logo\":{\"@type\":\"ImageObject\",\"inLanguage\":\"fr-FR\",\"@id\":\"https:\/\/bonitopak.com\/#\/schema\/logo\/image\/\",\"url\":\"https:\/\/bonitopak.com\/wp-content\/uploads\/2024\/03\/bonito-pak-logo.webp\",\"contentUrl\":\"https:\/\/bonitopak.com\/wp-content\/uploads\/2024\/03\/bonito-pak-logo.webp\",\"width\":281,\"height\":80,\"caption\":\"BonitoPak\"},\"image\":{\"@id\":\"https:\/\/bonitopak.com\/#\/schema\/logo\/image\/\"}}]}<\/script>\n<!-- \/ Yoast SEO Premium plugin. -->","yoast_head_json":{"title":"Protection IP - BonitoPak","robots":{"index":"index","follow":"follow","max-snippet":"max-snippet:-1","max-image-preview":"max-image-preview:large","max-video-preview":"max-video-preview:-1"},"canonical":"https:\/\/bonitopak.com\/fr\/protection-ip\/","og_locale":"fr_FR","og_type":"article","og_title":"IP Protection","og_description":"At BonitoPak, we prioritize the security and confidentiality of your intellectual property (IP) from the start of our collaboration through to the final product delivery. With our stringent protocols, you can confidently entrust us with your valuable designs and data. Total Confidentiality Throughout the ProcessOur commitment to confidentiality is integral to every step of our [&hellip;]","og_url":"https:\/\/bonitopak.com\/fr\/protection-ip\/","og_site_name":"BonitoPak","article_modified_time":"2024-10-02T02:34:16+00:00","twitter_card":"summary_large_image","twitter_misc":{"Dur\u00e9e de lecture estim\u00e9e":"2 minutes"},"schema":{"@context":"https:\/\/schema.org","@graph":[{"@type":"WebPage","@id":"https:\/\/bonitopak.com\/ip-protection\/","url":"https:\/\/bonitopak.com\/ip-protection\/","name":"Protection IP - BonitoPak","isPartOf":{"@id":"https:\/\/bonitopak.com\/#website"},"datePublished":"2024-05-19T12:09:19+00:00","dateModified":"2024-10-02T02:34:16+00:00","breadcrumb":{"@id":"https:\/\/bonitopak.com\/ip-protection\/#breadcrumb"},"inLanguage":"fr-FR","potentialAction":[{"@type":"ReadAction","target":["https:\/\/bonitopak.com\/ip-protection\/"]}]},{"@type":"BreadcrumbList","@id":"https:\/\/bonitopak.com\/ip-protection\/#breadcrumb","itemListElement":[{"@type":"ListItem","position":1,"name":"Home","item":"https:\/\/bonitopak.com\/"},{"@type":"ListItem","position":2,"name":"IP Protection"}]},{"@type":"WebSite","@id":"https:\/\/bonitopak.com\/#website","url":"https:\/\/bonitopak.com\/","name":"BonitoPak","description":"","publisher":{"@id":"https:\/\/bonitopak.com\/#organization"},"potentialAction":[{"@type":"SearchAction","target":{"@type":"EntryPoint","urlTemplate":"https:\/\/bonitopak.com\/?s={search_term_string}"},"query-input":{"@type":"PropertyValueSpecification","valueRequired":true,"valueName":"search_term_string"}}],"inLanguage":"fr-FR"},{"@type":"Organization","@id":"https:\/\/bonitopak.com\/#organization","name":"BonitoPak","url":"https:\/\/bonitopak.com\/","logo":{"@type":"ImageObject","inLanguage":"fr-FR","@id":"https:\/\/bonitopak.com\/#\/schema\/logo\/image\/","url":"https:\/\/bonitopak.com\/wp-content\/uploads\/2024\/03\/bonito-pak-logo.webp","contentUrl":"https:\/\/bonitopak.com\/wp-content\/uploads\/2024\/03\/bonito-pak-logo.webp","width":281,"height":80,"caption":"BonitoPak"},"image":{"@id":"https:\/\/bonitopak.com\/#\/schema\/logo\/image\/"}}]}},"_links":{"self":[{"href":"https:\/\/bonitopak.com\/fr\/wp-json\/wp\/v2\/pages\/3284","targetHints":{"allow":["GET"]}}],"collection":[{"href":"https:\/\/bonitopak.com\/fr\/wp-json\/wp\/v2\/pages"}],"about":[{"href":"https:\/\/bonitopak.com\/fr\/wp-json\/wp\/v2\/types\/page"}],"author":[{"embeddable":true,"href":"https:\/\/bonitopak.com\/fr\/wp-json\/wp\/v2\/users\/2"}],"replies":[{"embeddable":true,"href":"https:\/\/bonitopak.com\/fr\/wp-json\/wp\/v2\/comments?post=3284"}],"version-history":[{"count":0,"href":"https:\/\/bonitopak.com\/fr\/wp-json\/wp\/v2\/pages\/3284\/revisions"}],"wp:attachment":[{"href":"https:\/\/bonitopak.com\/fr\/wp-json\/wp\/v2\/media?parent=3284"}],"curies":[{"name":"wp","href":"https:\/\/api.w.org\/{rel}","templated":true}]}}