{"id":3388,"date":"2024-05-19T14:36:47","date_gmt":"2024-05-19T14:36:47","guid":{"rendered":"https:\/\/bonitopak.com\/?page_id=3388"},"modified":"2024-09-18T06:33:16","modified_gmt":"2024-09-18T06:33:16","slug":"condiciones-de-uso","status":"publish","type":"page","link":"https:\/\/bonitopak.com\/es\/condiciones-de-uso\/","title":{"rendered":"Condiciones de uso"},"content":{"rendered":"<p><strong>\u00a1Bienvenido a BonitoPak!<\/strong><\/p>\n\n\n\n<p>Bienvenido a BonitoPak, una plataforma en l\u00ednea dise\u00f1ada para proporcionar una experiencia sin fisuras para los profesionales del mecanizado, entusiastas y especialistas de la industria por igual. Estas Condiciones de Uso (las \"Condiciones\") describen las normas y reglamentos que rigen el uso del sitio web BonitoPak y servicios (el \"Sitio\"). Al acceder o utilizar el Sitio, usted acepta quedar vinculado por estas Condiciones.<\/p>\n\n\n\n<ol class=\"wp-block-list\">\n<li><strong>General<\/strong><\/li>\n<\/ol>\n\n\n\n<p>BonitoPak es propiedad y est\u00e1 operado por BonitoPak, Inc. A lo largo de estos T\u00e9rminos, \"BonitoPak\", \"nosotros\", \"nos\" o \"nuestro\" se refiere a BonitoPak, Inc. El sitio, incluyendo todo el contenido, caracter\u00edsticas y funcionalidad, es propiedad intelectual de BonitoPak.<\/p>\n\n\n\n<ol start=\"2\" class=\"wp-block-list\">\n<li><strong>Aceptaci\u00f3n de las condiciones<\/strong><\/li>\n<\/ol>\n\n\n\n<p>Al acceder o utilizar el Sitio, usted afirma que tiene al menos 18 a\u00f1os o ha alcanzado la edad legal requerida para celebrar contratos vinculantes en su jurisdicci\u00f3n. Si no est\u00e1 de acuerdo con alguna disposici\u00f3n de estas Condiciones, no podr\u00e1 acceder ni utilizar el Sitio.<\/p>\n\n\n\n<ol start=\"3\" class=\"wp-block-list\">\n<li><strong>Registro de cuentas<\/strong><\/li>\n<\/ol>\n\n\n\n<p>3.1. <strong>Creaci\u00f3n de cuenta:<\/strong> Para acceder a determinadas funciones del Sitio, debe registrarse para obtener una cuenta (\"Cuenta\") y proporcionar informaci\u00f3n precisa seg\u00fan se le solicite en el formulario de registro. Usted es responsable de mantener la confidencialidad de los datos de acceso a su Cuenta.<\/p>\n\n\n\n<p>3.2. <strong>Responsabilidades de la cuenta:<\/strong> Usted es plenamente responsable de todas las actividades que se produzcan en su Cuenta. Notif\u00edquenos inmediatamente cualquier uso no autorizado o sospecha de violaci\u00f3n de la seguridad.<\/p>\n\n\n\n<ol start=\"4\" class=\"wp-block-list\">\n<li><strong>Acceso al sitio<\/strong><\/li>\n<\/ol>\n\n\n\n<p>4.1. <strong>Restricciones:<\/strong> Usted se compromete a no realizar ning\u00fan uso no autorizado del Sitio, incluida la modificaci\u00f3n, distribuci\u00f3n o reproducci\u00f3n de cualquier contenido sin autorizaci\u00f3n previa.<\/p>\n\n\n\n<p>4.2. <strong>Modificaci\u00f3n:<\/strong> Nos reservamos el derecho a modificar, suspender o interrumpir el Sitio en cualquier momento y sin previo aviso. No nos hacemos responsables de dichas modificaciones o interrupciones.<\/p>\n\n\n\n<ol start=\"5\" class=\"wp-block-list\">\n<li><strong>Contenido del usuario<\/strong><\/li>\n<\/ol>\n\n\n\n<p>5.1. <strong>Contenido del usuario:<\/strong> Usted es el \u00fanico responsable de cualquier informaci\u00f3n o contenido que usted env\u00ede al Sitio (\"Contenido de Usuario\"). Usted otorga a BonitoPak una licencia no exclusiva para utilizar, reproducir y mostrar su Contenido de Usuario con el fin de proporcionar nuestros servicios.<\/p>\n\n\n\n<p>5.2. <strong>Pol\u00edtica de uso aceptable:<\/strong> Su uso del Sitio y el env\u00edo de Contenido de Usuario deben cumplir con nuestra Pol\u00edtica de Uso Aceptable, que proh\u00edbe ciertas acciones, incluida la carga de contenido da\u00f1ino o infractor.<\/p>\n\n\n\n<ol start=\"6\" class=\"wp-block-list\">\n<li><strong>Enlaces y anuncios de terceros<\/strong><\/li>\n<\/ol>\n\n\n\n<p>6.1. <strong>Enlaces y anuncios de terceros:<\/strong> El Sitio puede contener enlaces a sitios web y anuncios de terceros. No somos responsables del contenido ni de las pr\u00e1cticas de los sitios de terceros.<\/p>\n\n\n\n<ol start=\"7\" class=\"wp-block-list\">\n<li><strong>Indemnizaci\u00f3n<\/strong><\/li>\n<\/ol>\n\n\n\n<p>Usted se compromete a indemnizar y mantener indemne BonitoPak de cualquier reclamaci\u00f3n que surja de su uso del Sitio o la violaci\u00f3n de estos T\u00e9rminos.<\/p>\n\n\n\n<ol start=\"8\" class=\"wp-block-list\">\n<li><strong>Descargo de responsabilidad<\/strong><\/li>\n<\/ol>\n\n\n\n<p>8.1. <strong>Informaci\u00f3n general:<\/strong> El Sitio y nuestros servicios se ofrecen \u00fanicamente con fines informativos generales y no constituyen asesoramiento profesional.<\/p>\n\n\n\n<p>8.2. <strong>Exclusi\u00f3n de garant\u00edas:<\/strong> BonitoPak no garantiza la disponibilidad, exactitud o fiabilidad del Sitio. Su uso del Sitio es bajo su propio riesgo.<\/p>\n\n\n\n<ol start=\"9\" class=\"wp-block-list\">\n<li><strong>Limitaci\u00f3n de responsabilidad<\/strong><\/li>\n<\/ol>\n\n\n\n<p>BonitoPak no ser\u00e1 responsable de ning\u00fan da\u00f1o derivado de su uso del Sitio, incluyendo pero no limitado a la p\u00e9rdida de beneficios o datos.<\/p>\n\n\n\n<ol start=\"10\" class=\"wp-block-list\">\n<li><strong>Plazo y terminaci\u00f3n<\/strong><\/li>\n<\/ol>\n\n\n\n<p>Estas Condiciones permanecer\u00e1n en vigor hasta su rescisi\u00f3n por cualquiera de las partes. Nos reservamos el derecho a suspender o cancelar su acceso al Sitio en cualquier momento.<\/p>\n\n\n\n<ol start=\"11\" class=\"wp-block-list\">\n<li><strong>Varios<\/strong><\/li>\n<\/ol>\n\n\n\n<p>Estos T\u00e9rminos constituyen el acuerdo completo entre usted y BonitoPak en relaci\u00f3n con el Sitio. Se rigen por las leyes de PCR China. Cualquier disputa ser\u00e1 resuelta en los tribunales de PCR China.<\/p>\n\n\n\n<p><strong>P\u00f3ngase en contacto con nosotros<\/strong><\/p>\n\n\n\n<p>Si tiene alguna pregunta o duda sobre estas Condiciones, p\u00f3ngase en contacto con nosotros.<\/p>\n\n\n\n<p>Gracias por utilizar BonitoPak.<\/p>","protected":false},"excerpt":{"rendered":"<p>Welcome to BonitoPak! Welcome to BonitoPak, an online platform designed to provide a seamless experience for machining professionals, enthusiasts, and industry specialists alike. These Terms of Use (the \u201cTerms\u201d) outline the rules and regulations governing your use of the BonitoPak website and services (the \u201cSite\u201d). By accessing or using the Site, you agree to be [&hellip;]<\/p>\n","protected":false},"author":2,"featured_media":0,"parent":0,"menu_order":0,"comment_status":"closed","ping_status":"closed","template":"","meta":{"_acf_changed":false,"inline_featured_image":false,"footnotes":""},"class_list":["post-3388","page","type-page","status-publish","hentry"],"acf":[],"yoast_head":"<!-- This site is optimized with the Yoast SEO Premium plugin v25.9 (Yoast SEO v27.0) - https:\/\/yoast.com\/product\/yoast-seo-premium-wordpress\/ -->\n<title>Terms of use - BonitoPak<\/title>\n<meta name=\"robots\" content=\"index, follow, max-snippet:-1, max-image-preview:large, max-video-preview:-1\" \/>\n<link rel=\"canonical\" href=\"https:\/\/bonitopak.com\/es\/condiciones-de-uso\/\" \/>\n<meta property=\"og:locale\" content=\"es_MX\" \/>\n<meta property=\"og:type\" content=\"article\" \/>\n<meta property=\"og:title\" content=\"Terms of use\" \/>\n<meta property=\"og:description\" content=\"Welcome to BonitoPak! Welcome to BonitoPak, an online platform designed to provide a seamless experience for machining professionals, enthusiasts, and industry specialists alike. These Terms of Use (the \u201cTerms\u201d) outline the rules and regulations governing your use of the BonitoPak website and services (the \u201cSite\u201d). By accessing or using the Site, you agree to be [&hellip;]\" \/>\n<meta property=\"og:url\" content=\"https:\/\/bonitopak.com\/es\/condiciones-de-uso\/\" \/>\n<meta property=\"og:site_name\" content=\"BonitoPak\" \/>\n<meta property=\"article:modified_time\" content=\"2024-09-18T06:33:16+00:00\" \/>\n<meta name=\"twitter:card\" content=\"summary_large_image\" \/>\n<meta name=\"twitter:label1\" content=\"Tiempo de lectura\" \/>\n\t<meta name=\"twitter:data1\" content=\"3 minutos\" \/>\n<script type=\"application\/ld+json\" class=\"yoast-schema-graph\">{\"@context\":\"https:\/\/schema.org\",\"@graph\":[{\"@type\":\"WebPage\",\"@id\":\"https:\/\/bonitopak.com\/terms-of-use\/\",\"url\":\"https:\/\/bonitopak.com\/terms-of-use\/\",\"name\":\"Terms of use - BonitoPak\",\"isPartOf\":{\"@id\":\"https:\/\/bonitopak.com\/#website\"},\"datePublished\":\"2024-05-19T14:36:47+00:00\",\"dateModified\":\"2024-09-18T06:33:16+00:00\",\"breadcrumb\":{\"@id\":\"https:\/\/bonitopak.com\/terms-of-use\/#breadcrumb\"},\"inLanguage\":\"es\",\"potentialAction\":[{\"@type\":\"ReadAction\",\"target\":[\"https:\/\/bonitopak.com\/terms-of-use\/\"]}]},{\"@type\":\"BreadcrumbList\",\"@id\":\"https:\/\/bonitopak.com\/terms-of-use\/#breadcrumb\",\"itemListElement\":[{\"@type\":\"ListItem\",\"position\":1,\"name\":\"Home\",\"item\":\"https:\/\/bonitopak.com\/\"},{\"@type\":\"ListItem\",\"position\":2,\"name\":\"Terms of use\"}]},{\"@type\":\"WebSite\",\"@id\":\"https:\/\/bonitopak.com\/#website\",\"url\":\"https:\/\/bonitopak.com\/\",\"name\":\"BonitoPak\",\"description\":\"\",\"publisher\":{\"@id\":\"https:\/\/bonitopak.com\/#organization\"},\"potentialAction\":[{\"@type\":\"SearchAction\",\"target\":{\"@type\":\"EntryPoint\",\"urlTemplate\":\"https:\/\/bonitopak.com\/?s={search_term_string}\"},\"query-input\":{\"@type\":\"PropertyValueSpecification\",\"valueRequired\":true,\"valueName\":\"search_term_string\"}}],\"inLanguage\":\"es\"},{\"@type\":\"Organization\",\"@id\":\"https:\/\/bonitopak.com\/#organization\",\"name\":\"BonitoPak\",\"url\":\"https:\/\/bonitopak.com\/\",\"logo\":{\"@type\":\"ImageObject\",\"inLanguage\":\"es\",\"@id\":\"https:\/\/bonitopak.com\/#\/schema\/logo\/image\/\",\"url\":\"https:\/\/bonitopak.com\/wp-content\/uploads\/2024\/03\/bonito-pak-logo.webp\",\"contentUrl\":\"https:\/\/bonitopak.com\/wp-content\/uploads\/2024\/03\/bonito-pak-logo.webp\",\"width\":281,\"height\":80,\"caption\":\"BonitoPak\"},\"image\":{\"@id\":\"https:\/\/bonitopak.com\/#\/schema\/logo\/image\/\"}}]}<\/script>\n<!-- \/ Yoast SEO Premium plugin. -->","yoast_head_json":{"title":"Condiciones de uso - BonitoPak","robots":{"index":"index","follow":"follow","max-snippet":"max-snippet:-1","max-image-preview":"max-image-preview:large","max-video-preview":"max-video-preview:-1"},"canonical":"https:\/\/bonitopak.com\/es\/condiciones-de-uso\/","og_locale":"es_MX","og_type":"article","og_title":"Terms of use","og_description":"Welcome to BonitoPak! Welcome to BonitoPak, an online platform designed to provide a seamless experience for machining professionals, enthusiasts, and industry specialists alike. These Terms of Use (the \u201cTerms\u201d) outline the rules and regulations governing your use of the BonitoPak website and services (the \u201cSite\u201d). By accessing or using the Site, you agree to be [&hellip;]","og_url":"https:\/\/bonitopak.com\/es\/condiciones-de-uso\/","og_site_name":"BonitoPak","article_modified_time":"2024-09-18T06:33:16+00:00","twitter_card":"summary_large_image","twitter_misc":{"Tiempo de lectura":"3 minutos"},"schema":{"@context":"https:\/\/schema.org","@graph":[{"@type":"WebPage","@id":"https:\/\/bonitopak.com\/terms-of-use\/","url":"https:\/\/bonitopak.com\/terms-of-use\/","name":"Condiciones de uso - BonitoPak","isPartOf":{"@id":"https:\/\/bonitopak.com\/#website"},"datePublished":"2024-05-19T14:36:47+00:00","dateModified":"2024-09-18T06:33:16+00:00","breadcrumb":{"@id":"https:\/\/bonitopak.com\/terms-of-use\/#breadcrumb"},"inLanguage":"es","potentialAction":[{"@type":"ReadAction","target":["https:\/\/bonitopak.com\/terms-of-use\/"]}]},{"@type":"BreadcrumbList","@id":"https:\/\/bonitopak.com\/terms-of-use\/#breadcrumb","itemListElement":[{"@type":"ListItem","position":1,"name":"Home","item":"https:\/\/bonitopak.com\/"},{"@type":"ListItem","position":2,"name":"Terms of use"}]},{"@type":"WebSite","@id":"https:\/\/bonitopak.com\/#website","url":"https:\/\/bonitopak.com\/","name":"BonitoPak","description":"","publisher":{"@id":"https:\/\/bonitopak.com\/#organization"},"potentialAction":[{"@type":"SearchAction","target":{"@type":"EntryPoint","urlTemplate":"https:\/\/bonitopak.com\/?s={search_term_string}"},"query-input":{"@type":"PropertyValueSpecification","valueRequired":true,"valueName":"search_term_string"}}],"inLanguage":"es"},{"@type":"Organization","@id":"https:\/\/bonitopak.com\/#organization","name":"BonitoPak","url":"https:\/\/bonitopak.com\/","logo":{"@type":"ImageObject","inLanguage":"es","@id":"https:\/\/bonitopak.com\/#\/schema\/logo\/image\/","url":"https:\/\/bonitopak.com\/wp-content\/uploads\/2024\/03\/bonito-pak-logo.webp","contentUrl":"https:\/\/bonitopak.com\/wp-content\/uploads\/2024\/03\/bonito-pak-logo.webp","width":281,"height":80,"caption":"BonitoPak"},"image":{"@id":"https:\/\/bonitopak.com\/#\/schema\/logo\/image\/"}}]}},"_links":{"self":[{"href":"https:\/\/bonitopak.com\/es\/wp-json\/wp\/v2\/pages\/3388","targetHints":{"allow":["GET"]}}],"collection":[{"href":"https:\/\/bonitopak.com\/es\/wp-json\/wp\/v2\/pages"}],"about":[{"href":"https:\/\/bonitopak.com\/es\/wp-json\/wp\/v2\/types\/page"}],"author":[{"embeddable":true,"href":"https:\/\/bonitopak.com\/es\/wp-json\/wp\/v2\/users\/2"}],"replies":[{"embeddable":true,"href":"https:\/\/bonitopak.com\/es\/wp-json\/wp\/v2\/comments?post=3388"}],"version-history":[{"count":0,"href":"https:\/\/bonitopak.com\/es\/wp-json\/wp\/v2\/pages\/3388\/revisions"}],"wp:attachment":[{"href":"https:\/\/bonitopak.com\/es\/wp-json\/wp\/v2\/media?parent=3388"}],"curies":[{"name":"wp","href":"https:\/\/api.w.org\/{rel}","templated":true}]}}