{"id":3,"date":"2024-03-10T03:37:27","date_gmt":"2024-03-10T03:37:27","guid":{"rendered":"https:\/\/bonitopak.com\/?page_id=3"},"modified":"2024-09-18T06:29:48","modified_gmt":"2024-09-18T06:29:48","slug":"politica-de-privacidad","status":"publish","type":"page","link":"https:\/\/bonitopak.com\/es\/politica-de-privacidad\/","title":{"rendered":"Pol\u00edtica de privacidad"},"content":{"rendered":"<p>\u00daltima actualizaci\u00f3n: 29 de enero de 2024<\/p>\n\n\n\n<p>En bonitopak , nos comprometemos a proteger su privacidad y a garantizar la seguridad de su informaci\u00f3n personal. Esta pol\u00edtica de privacidad describe c\u00f3mo recopilamos, utilizamos y protegemos sus datos cuando visita bonitopak.com y utiliza nuestros servicios.<\/p>\n\n\n\n<h2 class=\"wp-block-heading\">1. Informaci\u00f3n que recopilamos<\/h2>\n\n\n\n<p>Recopilamos diversos tipos de informaci\u00f3n para prestar y mejorar nuestros servicios:<\/p>\n\n\n\n<ul class=\"wp-block-list\">\n<li><strong>Informaci\u00f3n que facilita<\/strong>: Cuando utiliza nuestro sitio web o nuestros servicios, puede facilitarnos informaci\u00f3n personal como su nombre, direcci\u00f3n de correo electr\u00f3nico, direcci\u00f3n postal, n\u00famero de tel\u00e9fono y datos de su empresa.<\/li>\n\n\n\n<li><strong>Informaci\u00f3n recopilada autom\u00e1ticamente<\/strong>: Recopilamos autom\u00e1ticamente cierta informaci\u00f3n cuando visita nuestro sitio web, incluida su direcci\u00f3n IP, tipo de navegador, informaci\u00f3n del dispositivo y actividad de navegaci\u00f3n mediante cookies y tecnolog\u00edas similares.<\/li>\n<\/ul>\n\n\n\n<h2 class=\"wp-block-heading\">2. C\u00f3mo utilizamos su informaci\u00f3n<\/h2>\n\n\n\n<p>Utilizamos la informaci\u00f3n que recopilamos para los siguientes fines:<\/p>\n\n\n\n<ul class=\"wp-block-list\">\n<li>Prestaci\u00f3n y mantenimiento de nuestros servicios<\/li>\n\n\n\n<li>Comunicarnos con usted, por ejemplo, para responder a sus preguntas y prestarle asistencia.<\/li>\n\n\n\n<li>Enviarle actualizaciones, boletines y material promocional<\/li>\n\n\n\n<li>Analizar y mejorar nuestro sitio web y nuestros servicios<\/li>\n\n\n\n<li>Cumplir las obligaciones legales y proteger nuestros derechos<\/li>\n<\/ul>\n\n\n\n<h2 class=\"wp-block-heading\">3. Intercambio y divulgaci\u00f3n de informaci\u00f3n<\/h2>\n\n\n\n<p>Podemos compartir su informaci\u00f3n personal con<\/p>\n\n\n\n<ul class=\"wp-block-list\">\n<li>Proveedores de servicios y terceros asociados que nos ayudan a gestionar nuestro sitio web y a prestar nuestros servicios.<\/li>\n\n\n\n<li>Autoridades legales u otros terceros cuando as\u00ed lo exija la ley o para proteger nuestros derechos, propiedad o seguridad.<\/li>\n<\/ul>\n\n\n\n<p>No vendemos ni alquilamos su informaci\u00f3n personal a terceros para sus fines comerciales.<\/p>\n\n\n\n<h2 class=\"wp-block-heading\">4. 4. Seguridad de los datos<\/h2>\n\n\n\n<p>Tomamos las medidas adecuadas para proteger su informaci\u00f3n personal frente al acceso, la divulgaci\u00f3n, la alteraci\u00f3n o la destrucci\u00f3n no autorizados. Estas medidas incluyen el cifrado, el almacenamiento seguro y los controles de acceso.<\/p>\n\n\n\n<h2 class=\"wp-block-heading\">5. Sus derechos y opciones<\/h2>\n\n\n\n<p>Tienes derecho a:<\/p>\n\n\n\n<ul class=\"wp-block-list\">\n<li>Acceder a su informaci\u00f3n personal, actualizarla o eliminarla<\/li>\n\n\n\n<li>Oponerse al tratamiento de sus datos personales<\/li>\n\n\n\n<li>Retirar su consentimiento para determinadas actividades de tratamiento<\/li>\n<\/ul>\n\n\n\n<p>Puede ejercer estos derechos poni\u00e9ndose en contacto con nosotros utilizando la informaci\u00f3n que se facilita a continuaci\u00f3n.<\/p>\n\n\n\n<h2 class=\"wp-block-heading\">6. Cambios en esta pol\u00edtica de privacidad<\/h2>\n\n\n\n<p>Podemos actualizar esta Pol\u00edtica de Privacidad de vez en cuando para reflejar cambios en nuestras pr\u00e1cticas o requisitos legales. Le notificaremos cualquier cambio sustancial publicando la pol\u00edtica actualizada en nuestro sitio web o envi\u00e1ndole una notificaci\u00f3n.<\/p>\n\n\n\n<h2 class=\"wp-block-heading\">7. Contacto<\/h2>\n\n\n\n<p>Si tiene alguna pregunta, duda o solicitud en relaci\u00f3n con esta Pol\u00edtica de Privacidad o nuestras pr\u00e1cticas de datos, p\u00f3ngase en contacto con nosotros en <a>contact@bonitopak.com<\/a>.<\/p>\n\n\n\n<p>Al utilizar nuestro sitio web y nuestros servicios, usted acepta los t\u00e9rminos de esta Pol\u00edtica de privacidad.<\/p>","protected":false},"excerpt":{"rendered":"<p>Last Updated: January 29, 2024 At bonitopak , we are committed to protecting your privacy and ensuring the security of your personal information. This Privacy Policy outlines how we collect, use, and safeguard your data when you visit bonitopak.com and use our services. 1. Information We Collect We collect various types of information to provide [&hellip;]<\/p>\n","protected":false},"author":2,"featured_media":0,"parent":0,"menu_order":0,"comment_status":"closed","ping_status":"closed","template":"","meta":{"_acf_changed":false,"inline_featured_image":false,"footnotes":""},"class_list":["post-3","page","type-page","status-publish","hentry"],"acf":[],"yoast_head":"<!-- This site is optimized with the Yoast SEO Premium plugin v25.9 (Yoast SEO v27.0) - https:\/\/yoast.com\/product\/yoast-seo-premium-wordpress\/ -->\n<title>Privacy Policy - BonitoPak<\/title>\n<meta name=\"robots\" content=\"index, follow, max-snippet:-1, max-image-preview:large, max-video-preview:-1\" \/>\n<link rel=\"canonical\" href=\"https:\/\/bonitopak.com\/es\/politica-de-privacidad\/\" \/>\n<meta property=\"og:locale\" content=\"es_MX\" \/>\n<meta property=\"og:type\" content=\"article\" \/>\n<meta property=\"og:title\" content=\"Privacy Policy\" \/>\n<meta property=\"og:description\" content=\"Last Updated: January 29, 2024 At bonitopak , we are committed to protecting your privacy and ensuring the security of your personal information. This Privacy Policy outlines how we collect, use, and safeguard your data when you visit bonitopak.com and use our services. 1. Information We Collect We collect various types of information to provide [&hellip;]\" \/>\n<meta property=\"og:url\" content=\"https:\/\/bonitopak.com\/es\/politica-de-privacidad\/\" \/>\n<meta property=\"og:site_name\" content=\"BonitoPak\" \/>\n<meta property=\"article:modified_time\" content=\"2024-09-18T06:29:48+00:00\" \/>\n<meta name=\"twitter:card\" content=\"summary_large_image\" \/>\n<meta name=\"twitter:label1\" content=\"Tiempo de lectura\" \/>\n\t<meta name=\"twitter:data1\" content=\"2 minutos\" \/>\n<script type=\"application\/ld+json\" class=\"yoast-schema-graph\">{\"@context\":\"https:\/\/schema.org\",\"@graph\":[{\"@type\":\"WebPage\",\"@id\":\"https:\/\/bonitopak.com\/privacy-policy\/\",\"url\":\"https:\/\/bonitopak.com\/privacy-policy\/\",\"name\":\"Privacy Policy - BonitoPak\",\"isPartOf\":{\"@id\":\"https:\/\/bonitopak.com\/#website\"},\"datePublished\":\"2024-03-10T03:37:27+00:00\",\"dateModified\":\"2024-09-18T06:29:48+00:00\",\"breadcrumb\":{\"@id\":\"https:\/\/bonitopak.com\/privacy-policy\/#breadcrumb\"},\"inLanguage\":\"es\",\"potentialAction\":[{\"@type\":\"ReadAction\",\"target\":[\"https:\/\/bonitopak.com\/privacy-policy\/\"]}]},{\"@type\":\"BreadcrumbList\",\"@id\":\"https:\/\/bonitopak.com\/privacy-policy\/#breadcrumb\",\"itemListElement\":[{\"@type\":\"ListItem\",\"position\":1,\"name\":\"Home\",\"item\":\"https:\/\/bonitopak.com\/\"},{\"@type\":\"ListItem\",\"position\":2,\"name\":\"Privacy Policy\"}]},{\"@type\":\"WebSite\",\"@id\":\"https:\/\/bonitopak.com\/#website\",\"url\":\"https:\/\/bonitopak.com\/\",\"name\":\"BonitoPak\",\"description\":\"\",\"publisher\":{\"@id\":\"https:\/\/bonitopak.com\/#organization\"},\"potentialAction\":[{\"@type\":\"SearchAction\",\"target\":{\"@type\":\"EntryPoint\",\"urlTemplate\":\"https:\/\/bonitopak.com\/?s={search_term_string}\"},\"query-input\":{\"@type\":\"PropertyValueSpecification\",\"valueRequired\":true,\"valueName\":\"search_term_string\"}}],\"inLanguage\":\"es\"},{\"@type\":\"Organization\",\"@id\":\"https:\/\/bonitopak.com\/#organization\",\"name\":\"BonitoPak\",\"url\":\"https:\/\/bonitopak.com\/\",\"logo\":{\"@type\":\"ImageObject\",\"inLanguage\":\"es\",\"@id\":\"https:\/\/bonitopak.com\/#\/schema\/logo\/image\/\",\"url\":\"https:\/\/bonitopak.com\/wp-content\/uploads\/2024\/03\/bonito-pak-logo.webp\",\"contentUrl\":\"https:\/\/bonitopak.com\/wp-content\/uploads\/2024\/03\/bonito-pak-logo.webp\",\"width\":281,\"height\":80,\"caption\":\"BonitoPak\"},\"image\":{\"@id\":\"https:\/\/bonitopak.com\/#\/schema\/logo\/image\/\"}}]}<\/script>\n<!-- \/ Yoast SEO Premium plugin. -->","yoast_head_json":{"title":"Pol\u00edtica de privacidad - BonitoPak","robots":{"index":"index","follow":"follow","max-snippet":"max-snippet:-1","max-image-preview":"max-image-preview:large","max-video-preview":"max-video-preview:-1"},"canonical":"https:\/\/bonitopak.com\/es\/politica-de-privacidad\/","og_locale":"es_MX","og_type":"article","og_title":"Privacy Policy","og_description":"Last Updated: January 29, 2024 At bonitopak , we are committed to protecting your privacy and ensuring the security of your personal information. This Privacy Policy outlines how we collect, use, and safeguard your data when you visit bonitopak.com and use our services. 1. Information We Collect We collect various types of information to provide [&hellip;]","og_url":"https:\/\/bonitopak.com\/es\/politica-de-privacidad\/","og_site_name":"BonitoPak","article_modified_time":"2024-09-18T06:29:48+00:00","twitter_card":"summary_large_image","twitter_misc":{"Tiempo de lectura":"2 minutos"},"schema":{"@context":"https:\/\/schema.org","@graph":[{"@type":"WebPage","@id":"https:\/\/bonitopak.com\/privacy-policy\/","url":"https:\/\/bonitopak.com\/privacy-policy\/","name":"Pol\u00edtica de privacidad - BonitoPak","isPartOf":{"@id":"https:\/\/bonitopak.com\/#website"},"datePublished":"2024-03-10T03:37:27+00:00","dateModified":"2024-09-18T06:29:48+00:00","breadcrumb":{"@id":"https:\/\/bonitopak.com\/privacy-policy\/#breadcrumb"},"inLanguage":"es","potentialAction":[{"@type":"ReadAction","target":["https:\/\/bonitopak.com\/privacy-policy\/"]}]},{"@type":"BreadcrumbList","@id":"https:\/\/bonitopak.com\/privacy-policy\/#breadcrumb","itemListElement":[{"@type":"ListItem","position":1,"name":"Home","item":"https:\/\/bonitopak.com\/"},{"@type":"ListItem","position":2,"name":"Privacy Policy"}]},{"@type":"WebSite","@id":"https:\/\/bonitopak.com\/#website","url":"https:\/\/bonitopak.com\/","name":"BonitoPak","description":"","publisher":{"@id":"https:\/\/bonitopak.com\/#organization"},"potentialAction":[{"@type":"SearchAction","target":{"@type":"EntryPoint","urlTemplate":"https:\/\/bonitopak.com\/?s={search_term_string}"},"query-input":{"@type":"PropertyValueSpecification","valueRequired":true,"valueName":"search_term_string"}}],"inLanguage":"es"},{"@type":"Organization","@id":"https:\/\/bonitopak.com\/#organization","name":"BonitoPak","url":"https:\/\/bonitopak.com\/","logo":{"@type":"ImageObject","inLanguage":"es","@id":"https:\/\/bonitopak.com\/#\/schema\/logo\/image\/","url":"https:\/\/bonitopak.com\/wp-content\/uploads\/2024\/03\/bonito-pak-logo.webp","contentUrl":"https:\/\/bonitopak.com\/wp-content\/uploads\/2024\/03\/bonito-pak-logo.webp","width":281,"height":80,"caption":"BonitoPak"},"image":{"@id":"https:\/\/bonitopak.com\/#\/schema\/logo\/image\/"}}]}},"_links":{"self":[{"href":"https:\/\/bonitopak.com\/es\/wp-json\/wp\/v2\/pages\/3","targetHints":{"allow":["GET"]}}],"collection":[{"href":"https:\/\/bonitopak.com\/es\/wp-json\/wp\/v2\/pages"}],"about":[{"href":"https:\/\/bonitopak.com\/es\/wp-json\/wp\/v2\/types\/page"}],"author":[{"embeddable":true,"href":"https:\/\/bonitopak.com\/es\/wp-json\/wp\/v2\/users\/2"}],"replies":[{"embeddable":true,"href":"https:\/\/bonitopak.com\/es\/wp-json\/wp\/v2\/comments?post=3"}],"version-history":[{"count":0,"href":"https:\/\/bonitopak.com\/es\/wp-json\/wp\/v2\/pages\/3\/revisions"}],"wp:attachment":[{"href":"https:\/\/bonitopak.com\/es\/wp-json\/wp\/v2\/media?parent=3"}],"curies":[{"name":"wp","href":"https:\/\/api.w.org\/{rel}","templated":true}]}}