{"id":3388,"date":"2024-05-19T14:36:47","date_gmt":"2024-05-19T14:36:47","guid":{"rendered":"https:\/\/bonitopak.com\/?page_id=3388"},"modified":"2024-09-18T06:33:16","modified_gmt":"2024-09-18T06:33:16","slug":"benutzungsbedingungen","status":"publish","type":"page","link":"https:\/\/bonitopak.com\/de\/benutzungsbedingungen\/","title":{"rendered":"Bedingungen f\u00fcr die Nutzung"},"content":{"rendered":"<p><strong>Willkommen bei BonitoPak!<\/strong><\/p>\n\n\n\n<p>Willkommen bei BonitoPak, einer Online-Plattform, die darauf ausgelegt ist, eine nahtlose Erfahrung f\u00fcr Bearbeitungsprofis, Enthusiasten und Branchenexperten gleicherma\u00dfen zu bieten. Diese Nutzungsbedingungen (die \"Bedingungen\") umrei\u00dfen die Regeln und Vorschriften, die Ihre Nutzung der BonitoPak Website und Dienstleistungen (die \"Website\") regeln. Indem Sie auf die Website zugreifen oder diese nutzen, erkl\u00e4ren Sie sich mit diesen Bedingungen einverstanden.<\/p>\n\n\n\n<ol class=\"wp-block-list\">\n<li><strong>Allgemein<\/strong><\/li>\n<\/ol>\n\n\n\n<p>BonitoPak ist Eigentum und wird betrieben von BonitoPak, Inc. In diesen Bedingungen, \"BonitoPak\", \"wir\", \"uns\" oder \"unser\" bezieht sich auf BonitoPak, Inc. Die Website, einschlie\u00dflich aller Inhalte, Merkmale und Funktionen, ist das urheberrechtlich gesch\u00fctzte Eigentum von BonitoPak.<\/p>\n\n\n\n<ol start=\"2\" class=\"wp-block-list\">\n<li><strong>Akzeptanz der Bedingungen<\/strong><\/li>\n<\/ol>\n\n\n\n<p>Indem Sie auf die Website zugreifen oder sie nutzen, versichern Sie, dass Sie mindestens 18 Jahre alt sind oder das in Ihrer Rechtsordnung erforderliche Mindestalter erreicht haben, um verbindliche Vertr\u00e4ge abzuschlie\u00dfen. Wenn Sie mit einer Bestimmung dieser Bedingungen nicht einverstanden sind, d\u00fcrfen Sie die Website nicht aufrufen oder nutzen.<\/p>\n\n\n\n<ol start=\"3\" class=\"wp-block-list\">\n<li><strong>Registrierung eines Kontos<\/strong><\/li>\n<\/ol>\n\n\n\n<p>3.1. <strong>Kontoerstellung:<\/strong> Um auf bestimmte Funktionen der Website zugreifen zu k\u00f6nnen, m\u00fcssen Sie sich f\u00fcr ein Konto (\"Konto\") registrieren und genaue Angaben machen, wie sie im Registrierungsformular abgefragt werden. Sie sind f\u00fcr die Geheimhaltung der Anmeldedaten Ihres Kontos verantwortlich.<\/p>\n\n\n\n<p>3.2. <strong>Verantwortlichkeiten f\u00fcr das Konto:<\/strong> Sie tragen die volle Verantwortung f\u00fcr alle Aktivit\u00e4ten, die \u00fcber Ihr Konto erfolgen. Benachrichtigen Sie uns unverz\u00fcglich \u00fcber jede unbefugte Nutzung oder vermutete Verletzung der Sicherheit.<\/p>\n\n\n\n<ol start=\"4\" class=\"wp-block-list\">\n<li><strong>Zugang zur Website<\/strong><\/li>\n<\/ol>\n\n\n\n<p>4.1. <strong>Restriktionen:<\/strong> Sie verpflichten sich, die Website nicht unbefugt zu nutzen, einschlie\u00dflich der \u00c4nderung, Verbreitung oder Reproduktion von Inhalten ohne vorherige Genehmigung.<\/p>\n\n\n\n<p>4.2. <strong>Modifizierung:<\/strong> Wir behalten uns das Recht vor, die Website jederzeit und ohne Vorank\u00fcndigung zu \u00e4ndern, zu unterbrechen oder einzustellen. Wir haften nicht f\u00fcr solche \u00c4nderungen oder Unterbrechungen.<\/p>\n\n\n\n<ol start=\"5\" class=\"wp-block-list\">\n<li><strong>Benutzer Inhalt<\/strong><\/li>\n<\/ol>\n\n\n\n<p>5.1. <strong>Benutzer Inhalt:<\/strong> Sie sind allein verantwortlich f\u00fcr alle Informationen oder Inhalte, die Sie auf der Website ver\u00f6ffentlichen (\"Benutzerinhalte\"). Sie gew\u00e4hren BonitoPak eine nicht-exklusive Lizenz zur Nutzung, Reproduktion und Anzeige Ihrer Benutzerinhalte f\u00fcr die Zwecke der Bereitstellung unserer Dienstleistungen.<\/p>\n\n\n\n<p>5.2. <strong>Richtlinie zur akzeptablen Nutzung:<\/strong> Ihre Nutzung der Website und die \u00dcbermittlung von Benutzerinhalten muss mit unserer Richtlinie zur akzeptablen Nutzung \u00fcbereinstimmen, die bestimmte Handlungen, einschlie\u00dflich des Hochladens von sch\u00e4dlichen oder verletzenden Inhalten, untersagt.<\/p>\n\n\n\n<ol start=\"6\" class=\"wp-block-list\">\n<li><strong>Links und Anzeigen von Drittanbietern<\/strong><\/li>\n<\/ol>\n\n\n\n<p>6.1. <strong>Links und Anzeigen von Dritten:<\/strong> Die Website kann Links zu Websites und Werbung Dritter enthalten. Wir sind nicht verantwortlich f\u00fcr den Inhalt oder die Praktiken von Websites Dritter.<\/p>\n\n\n\n<ol start=\"7\" class=\"wp-block-list\">\n<li><strong>Entsch\u00e4digung<\/strong><\/li>\n<\/ol>\n\n\n\n<p>Sie verpflichten sich, BonitoPak von allen Anspr\u00fcchen freizustellen und schadlos zu halten, die sich aus Ihrer Nutzung der Website oder der Verletzung dieser Bedingungen ergeben.<\/p>\n\n\n\n<ol start=\"8\" class=\"wp-block-list\">\n<li><strong>Haftungsausschl\u00fcsse<\/strong><\/li>\n<\/ol>\n\n\n\n<p>8.1. <strong>Allgemeine Informationen:<\/strong> Die Website und unsere Dienstleistungen werden nur zu allgemeinen Informationszwecken bereitgestellt und stellen keine professionelle Beratung dar.<\/p>\n\n\n\n<p>8.2. <strong>Ausschluss von Garantien:<\/strong> BonitoPak \u00fcbernimmt keine Garantie f\u00fcr die Verf\u00fcgbarkeit, Genauigkeit oder Zuverl\u00e4ssigkeit der Website. Die Nutzung der Website erfolgt auf Ihr eigenes Risiko.<\/p>\n\n\n\n<ol start=\"9\" class=\"wp-block-list\">\n<li><strong>Beschr\u00e4nkung der Haftung<\/strong><\/li>\n<\/ol>\n\n\n\n<p>BonitoPak haftet nicht f\u00fcr Sch\u00e4den, die aus der Nutzung der Website entstehen, einschlie\u00dflich, aber nicht beschr\u00e4nkt auf entgangenen Gewinn oder Daten.<\/p>\n\n\n\n<ol start=\"10\" class=\"wp-block-list\">\n<li><strong>Laufzeit und Beendigung<\/strong><\/li>\n<\/ol>\n\n\n\n<p>Diese Bedingungen bleiben in Kraft, bis sie von einer der Parteien gek\u00fcndigt werden. Wir behalten uns das Recht vor, Ihren Zugang zur Website jederzeit auszusetzen oder zu beenden.<\/p>\n\n\n\n<ol start=\"11\" class=\"wp-block-list\">\n<li><strong>Sonstiges<\/strong><\/li>\n<\/ol>\n\n\n\n<p>Diese Bedingungen stellen die gesamte Vereinbarung zwischen Ihnen und BonitoPak bez\u00fcglich der Website dar. Sie unterliegen den Gesetzen der PCR China. Alle Streitigkeiten sind vor den Gerichten der PCR China zu kl\u00e4ren.<\/p>\n\n\n\n<p><strong>Kontakt<\/strong><\/p>\n\n\n\n<p>Wenn Sie Fragen oder Bedenken bez\u00fcglich dieser Bedingungen haben, kontaktieren Sie uns bitte.<\/p>\n\n\n\n<p>Danke, dass Sie BonitoPak verwenden!<\/p>","protected":false},"excerpt":{"rendered":"<p>Welcome to BonitoPak! Welcome to BonitoPak, an online platform designed to provide a seamless experience for machining professionals, enthusiasts, and industry specialists alike. These Terms of Use (the \u201cTerms\u201d) outline the rules and regulations governing your use of the BonitoPak website and services (the \u201cSite\u201d). By accessing or using the Site, you agree to be [&hellip;]<\/p>\n","protected":false},"author":2,"featured_media":0,"parent":0,"menu_order":0,"comment_status":"closed","ping_status":"closed","template":"","meta":{"_acf_changed":false,"inline_featured_image":false,"footnotes":""},"class_list":["post-3388","page","type-page","status-publish","hentry"],"acf":[],"yoast_head":"<!-- This site is optimized with the Yoast SEO Premium plugin v25.9 (Yoast SEO v27.0) - https:\/\/yoast.com\/product\/yoast-seo-premium-wordpress\/ -->\n<title>Terms of use - BonitoPak<\/title>\n<meta name=\"robots\" content=\"index, follow, max-snippet:-1, max-image-preview:large, max-video-preview:-1\" \/>\n<link rel=\"canonical\" href=\"https:\/\/bonitopak.com\/de\/benutzungsbedingungen\/\" \/>\n<meta property=\"og:locale\" content=\"de_DE\" \/>\n<meta property=\"og:type\" content=\"article\" \/>\n<meta property=\"og:title\" content=\"Terms of use\" \/>\n<meta property=\"og:description\" content=\"Welcome to BonitoPak! Welcome to BonitoPak, an online platform designed to provide a seamless experience for machining professionals, enthusiasts, and industry specialists alike. These Terms of Use (the \u201cTerms\u201d) outline the rules and regulations governing your use of the BonitoPak website and services (the \u201cSite\u201d). By accessing or using the Site, you agree to be [&hellip;]\" \/>\n<meta property=\"og:url\" content=\"https:\/\/bonitopak.com\/de\/benutzungsbedingungen\/\" \/>\n<meta property=\"og:site_name\" content=\"BonitoPak\" \/>\n<meta property=\"article:modified_time\" content=\"2024-09-18T06:33:16+00:00\" \/>\n<meta name=\"twitter:card\" content=\"summary_large_image\" \/>\n<meta name=\"twitter:label1\" content=\"Gesch\u00e4tzte Lesezeit\" \/>\n\t<meta name=\"twitter:data1\" content=\"3\u00a0Minuten\" \/>\n<script type=\"application\/ld+json\" class=\"yoast-schema-graph\">{\"@context\":\"https:\/\/schema.org\",\"@graph\":[{\"@type\":\"WebPage\",\"@id\":\"https:\/\/bonitopak.com\/terms-of-use\/\",\"url\":\"https:\/\/bonitopak.com\/terms-of-use\/\",\"name\":\"Terms of use - BonitoPak\",\"isPartOf\":{\"@id\":\"https:\/\/bonitopak.com\/#website\"},\"datePublished\":\"2024-05-19T14:36:47+00:00\",\"dateModified\":\"2024-09-18T06:33:16+00:00\",\"breadcrumb\":{\"@id\":\"https:\/\/bonitopak.com\/terms-of-use\/#breadcrumb\"},\"inLanguage\":\"de\",\"potentialAction\":[{\"@type\":\"ReadAction\",\"target\":[\"https:\/\/bonitopak.com\/terms-of-use\/\"]}]},{\"@type\":\"BreadcrumbList\",\"@id\":\"https:\/\/bonitopak.com\/terms-of-use\/#breadcrumb\",\"itemListElement\":[{\"@type\":\"ListItem\",\"position\":1,\"name\":\"Home\",\"item\":\"https:\/\/bonitopak.com\/\"},{\"@type\":\"ListItem\",\"position\":2,\"name\":\"Terms of use\"}]},{\"@type\":\"WebSite\",\"@id\":\"https:\/\/bonitopak.com\/#website\",\"url\":\"https:\/\/bonitopak.com\/\",\"name\":\"BonitoPak\",\"description\":\"\",\"publisher\":{\"@id\":\"https:\/\/bonitopak.com\/#organization\"},\"potentialAction\":[{\"@type\":\"SearchAction\",\"target\":{\"@type\":\"EntryPoint\",\"urlTemplate\":\"https:\/\/bonitopak.com\/?s={search_term_string}\"},\"query-input\":{\"@type\":\"PropertyValueSpecification\",\"valueRequired\":true,\"valueName\":\"search_term_string\"}}],\"inLanguage\":\"de\"},{\"@type\":\"Organization\",\"@id\":\"https:\/\/bonitopak.com\/#organization\",\"name\":\"BonitoPak\",\"url\":\"https:\/\/bonitopak.com\/\",\"logo\":{\"@type\":\"ImageObject\",\"inLanguage\":\"de\",\"@id\":\"https:\/\/bonitopak.com\/#\/schema\/logo\/image\/\",\"url\":\"https:\/\/bonitopak.com\/wp-content\/uploads\/2024\/03\/bonito-pak-logo.webp\",\"contentUrl\":\"https:\/\/bonitopak.com\/wp-content\/uploads\/2024\/03\/bonito-pak-logo.webp\",\"width\":281,\"height\":80,\"caption\":\"BonitoPak\"},\"image\":{\"@id\":\"https:\/\/bonitopak.com\/#\/schema\/logo\/image\/\"}}]}<\/script>\n<!-- \/ Yoast SEO Premium plugin. -->","yoast_head_json":{"title":"Nutzungsbedingungen - BonitoPak","robots":{"index":"index","follow":"follow","max-snippet":"max-snippet:-1","max-image-preview":"max-image-preview:large","max-video-preview":"max-video-preview:-1"},"canonical":"https:\/\/bonitopak.com\/de\/benutzungsbedingungen\/","og_locale":"de_DE","og_type":"article","og_title":"Terms of use","og_description":"Welcome to BonitoPak! Welcome to BonitoPak, an online platform designed to provide a seamless experience for machining professionals, enthusiasts, and industry specialists alike. These Terms of Use (the \u201cTerms\u201d) outline the rules and regulations governing your use of the BonitoPak website and services (the \u201cSite\u201d). By accessing or using the Site, you agree to be [&hellip;]","og_url":"https:\/\/bonitopak.com\/de\/benutzungsbedingungen\/","og_site_name":"BonitoPak","article_modified_time":"2024-09-18T06:33:16+00:00","twitter_card":"summary_large_image","twitter_misc":{"Gesch\u00e4tzte Lesezeit":"3\u00a0Minuten"},"schema":{"@context":"https:\/\/schema.org","@graph":[{"@type":"WebPage","@id":"https:\/\/bonitopak.com\/terms-of-use\/","url":"https:\/\/bonitopak.com\/terms-of-use\/","name":"Nutzungsbedingungen - BonitoPak","isPartOf":{"@id":"https:\/\/bonitopak.com\/#website"},"datePublished":"2024-05-19T14:36:47+00:00","dateModified":"2024-09-18T06:33:16+00:00","breadcrumb":{"@id":"https:\/\/bonitopak.com\/terms-of-use\/#breadcrumb"},"inLanguage":"de","potentialAction":[{"@type":"ReadAction","target":["https:\/\/bonitopak.com\/terms-of-use\/"]}]},{"@type":"BreadcrumbList","@id":"https:\/\/bonitopak.com\/terms-of-use\/#breadcrumb","itemListElement":[{"@type":"ListItem","position":1,"name":"Home","item":"https:\/\/bonitopak.com\/"},{"@type":"ListItem","position":2,"name":"Terms of use"}]},{"@type":"WebSite","@id":"https:\/\/bonitopak.com\/#website","url":"https:\/\/bonitopak.com\/","name":"BonitoPak","description":"","publisher":{"@id":"https:\/\/bonitopak.com\/#organization"},"potentialAction":[{"@type":"SearchAction","target":{"@type":"EntryPoint","urlTemplate":"https:\/\/bonitopak.com\/?s={search_term_string}"},"query-input":{"@type":"PropertyValueSpecification","valueRequired":true,"valueName":"search_term_string"}}],"inLanguage":"de"},{"@type":"Organization","@id":"https:\/\/bonitopak.com\/#organization","name":"BonitoPak","url":"https:\/\/bonitopak.com\/","logo":{"@type":"ImageObject","inLanguage":"de","@id":"https:\/\/bonitopak.com\/#\/schema\/logo\/image\/","url":"https:\/\/bonitopak.com\/wp-content\/uploads\/2024\/03\/bonito-pak-logo.webp","contentUrl":"https:\/\/bonitopak.com\/wp-content\/uploads\/2024\/03\/bonito-pak-logo.webp","width":281,"height":80,"caption":"BonitoPak"},"image":{"@id":"https:\/\/bonitopak.com\/#\/schema\/logo\/image\/"}}]}},"_links":{"self":[{"href":"https:\/\/bonitopak.com\/de\/wp-json\/wp\/v2\/pages\/3388","targetHints":{"allow":["GET"]}}],"collection":[{"href":"https:\/\/bonitopak.com\/de\/wp-json\/wp\/v2\/pages"}],"about":[{"href":"https:\/\/bonitopak.com\/de\/wp-json\/wp\/v2\/types\/page"}],"author":[{"embeddable":true,"href":"https:\/\/bonitopak.com\/de\/wp-json\/wp\/v2\/users\/2"}],"replies":[{"embeddable":true,"href":"https:\/\/bonitopak.com\/de\/wp-json\/wp\/v2\/comments?post=3388"}],"version-history":[{"count":0,"href":"https:\/\/bonitopak.com\/de\/wp-json\/wp\/v2\/pages\/3388\/revisions"}],"wp:attachment":[{"href":"https:\/\/bonitopak.com\/de\/wp-json\/wp\/v2\/media?parent=3388"}],"curies":[{"name":"wp","href":"https:\/\/api.w.org\/{rel}","templated":true}]}}