{"id":3284,"date":"2024-05-19T12:09:19","date_gmt":"2024-05-19T12:09:19","guid":{"rendered":"https:\/\/bonitopak.com\/?page_id=3284"},"modified":"2024-10-02T02:34:16","modified_gmt":"2024-10-02T02:34:16","slug":"ip-schutz","status":"publish","type":"page","link":"https:\/\/bonitopak.com\/de\/ip-schutz\/","title":{"rendered":"IP-Schutz"},"content":{"rendered":"<div data-elementor-type=\"wp-page\" data-elementor-id=\"3284\" class=\"elementor elementor-3284\" data-elementor-post-type=\"page\">\n\t\t\t\t<div class=\"elementor-element elementor-element-2298954 e-con-full e-flex e-con e-parent\" data-id=\"2298954\" data-element_type=\"container\" data-e-type=\"container\" data-settings=\"{&quot;background_background&quot;:&quot;classic&quot;,&quot;ekit_has_onepagescroll_dot&quot;:&quot;yes&quot;}\">\n\t\t<div class=\"elementor-element elementor-element-195a48f e-flex e-con-boxed e-con e-child\" data-id=\"195a48f\" data-element_type=\"container\" data-e-type=\"container\" data-settings=\"{&quot;ekit_has_onepagescroll_dot&quot;:&quot;yes&quot;}\">\n\t\t\t\t\t<div class=\"e-con-inner\">\n\t\t\t\t<div class=\"elementor-element elementor-element-2e3d482 elementor-widget elementor-widget-text-editor\" data-id=\"2e3d482\" data-element_type=\"widget\" data-e-type=\"widget\" data-settings=\"{&quot;ekit_we_effect_on&quot;:&quot;none&quot;}\" data-widget_type=\"text-editor.default\">\n\t\t\t\t<div class=\"elementor-widget-container\">\n\t\t\t\t\t\t\t\t\tBei BonitoPak stehen die Sicherheit und die Vertraulichkeit Ihres geistigen Eigentums (IP) vom Beginn unserer Zusammenarbeit bis zur Lieferung des Endprodukts im Vordergrund. Mit unseren strengen Protokollen k\u00f6nnen Sie uns Ihre wertvollen Entw\u00fcrfe und Daten getrost anvertrauen.\t\t\t\t\t\t\t\t<\/div>\n\t\t\t\t<\/div>\n\t\t\t\t\t<\/div>\n\t\t\t\t<\/div>\n\t\t\t\t<\/div>\n\t\t<div class=\"elementor-element elementor-element-5e98fe5 e-flex e-con-boxed e-con e-parent\" data-id=\"5e98fe5\" data-element_type=\"container\" data-e-type=\"container\" data-settings=\"{&quot;ekit_has_onepagescroll_dot&quot;:&quot;yes&quot;}\">\n\t\t\t\t\t<div class=\"e-con-inner\">\n\t\t<div class=\"elementor-element elementor-element-2757e9e e-flex e-con-boxed e-con e-child\" data-id=\"2757e9e\" data-element_type=\"container\" data-e-type=\"container\" data-settings=\"{&quot;ekit_has_onepagescroll_dot&quot;:&quot;yes&quot;}\">\n\t\t\t\t\t<div class=\"e-con-inner\">\n\t\t\t\t<div class=\"elementor-element elementor-element-67bef86 elementor-widget elementor-widget-text-editor\" data-id=\"67bef86\" data-element_type=\"widget\" data-e-type=\"widget\" data-settings=\"{&quot;ekit_we_effect_on&quot;:&quot;none&quot;}\" data-widget_type=\"text-editor.default\">\n\t\t\t\t<div class=\"elementor-widget-container\">\n\t\t\t\t\t\t\t\t\t<p><strong>Absolute Vertraulichkeit w\u00e4hrend des gesamten Prozesses<\/strong><br \/>Unsere Verpflichtung zur Vertraulichkeit ist integraler Bestandteil jedes Schrittes unserer Dienstleistung. Von Ihrer ersten Anfrage bis zur Fertigstellung Ihres Projekts stellen wir sicher, dass Ihre sensiblen Informationen vollst\u00e4ndig gesch\u00fctzt sind. In unseren Allgemeinen Gesch\u00e4ftsbedingungen ist unsere umfassende Vertraulichkeitspolitik dargelegt, die volle Transparenz gew\u00e4hrleistet.<\/p><p>Um Ihnen noch mehr Sicherheit zu geben, bieten wir Ihnen die M\u00f6glichkeit, eine Geheimhaltungsvereinbarung (NDA) zu unterzeichnen. Dieses Rechtsdokument formalisiert unser Versprechen, Ihre gesch\u00fctzten Informationen zu sch\u00fctzen. Um eine NDA anzufordern oder Bedenken bez\u00fcglich der Vertraulichkeit zu \u00e4u\u00dfern, wenden Sie sich an Ihren Kundenbetreuer oder kontaktieren Sie uns unter <a rel=\"noopener\">info@BonitoPak.com<\/a>.<\/p><p><strong>Sichere Verschl\u00fcsselung &amp; europ\u00e4ischer Serverstandort<\/strong><br \/>Wir gew\u00e4hrleisten sichere, verschl\u00fcsselte Verbindungen f\u00fcr alle Interaktionen und Daten\u00fcbertragungen zwischen Ihnen und unseren Produktionspartnern. Ihre Dateien, Mitteilungen und Daten sind in jeder Phase gesch\u00fctzt.<\/p><p>Alle Daten werden auf den Servern von Amazon Web Services (AWS) in Europa gespeichert, wobei die strengsten Datenschutzbestimmungen eingehalten werden. Die branchenf\u00fchrenden Sicherheitsprotokolle von AWS garantieren, dass Ihre digitalen Daten, einschlie\u00dflich Modellen und Zeichnungen, sicher und gesch\u00fctzt sind.<\/p><p><strong>Ihr zuverl\u00e4ssiger Partner f\u00fcr den Schutz geistigen Eigentums<\/strong><br \/>Wir bei BonitoPak wissen das Vertrauen zu sch\u00e4tzen, das Sie uns beim Schutz Ihres geistigen Eigentums entgegenbringen. Unsere robusten Sicherheitsma\u00dfnahmen, rechtsverbindlichen Vereinbarungen und fortschrittlichen Technologien spiegeln unser unerm\u00fcdliches Engagement f\u00fcr Vertraulichkeit und Sicherheit wider.<\/p><p>Wenn Sie weitere Informationen \u00fcber unsere Ma\u00dfnahmen zum Schutz des geistigen Eigentums w\u00fcnschen oder Ihr n\u00e4chstes Projekt besprechen m\u00f6chten, kontaktieren Sie uns bitte unter <a rel=\"noopener\">info@BonitoPak.com<\/a>. Wir freuen uns darauf, eine vertrauensvolle Partnerschaft aufzubauen, die auf Sicherheit, Integrit\u00e4t und Vertraulichkeit beruht.<\/p>\t\t\t\t\t\t\t\t<\/div>\n\t\t\t\t<\/div>\n\t\t\t\t\t<\/div>\n\t\t\t\t<\/div>\n\t\t\t\t\t<\/div>\n\t\t\t\t<\/div>\n\t\t<div class=\"elementor-element elementor-element-3e3ab9e e-con-full e-flex e-con e-parent\" data-id=\"3e3ab9e\" data-element_type=\"container\" data-e-type=\"container\" data-settings=\"{&quot;ekit_has_onepagescroll_dot&quot;:&quot;yes&quot;}\">\n\t\t\t\t<div class=\"elementor-element elementor-element-bdea2da elementor-widget elementor-widget-shortcode\" data-id=\"bdea2da\" data-element_type=\"widget\" data-e-type=\"widget\" data-settings=\"{&quot;ekit_we_effect_on&quot;:&quot;none&quot;}\" data-widget_type=\"shortcode.default\">\n\t\t\t\t<div class=\"elementor-widget-container\">\n\t\t\t\t\t\t\t<div class=\"elementor-shortcode\">\t\t<div data-elementor-type=\"container\" data-elementor-id=\"4421\" class=\"elementor elementor-4421\" data-elementor-post-type=\"elementor_library\">\n\t\t\t\t<div class=\"elementor-element elementor-element-fe2b94f e-flex e-con-boxed e-con e-parent\" data-id=\"fe2b94f\" data-element_type=\"container\" data-e-type=\"container\" data-settings=\"{&quot;ekit_has_onepagescroll_dot&quot;:&quot;yes&quot;}\">\n\t\t\t\t\t<div class=\"e-con-inner\">\n\t\t<div class=\"elementor-element elementor-element-11c7788 e-con-full e-flex e-con e-child\" data-id=\"11c7788\" data-element_type=\"container\" data-e-type=\"container\" data-settings=\"{&quot;background_background&quot;:&quot;classic&quot;,&quot;ekit_has_onepagescroll_dot&quot;:&quot;yes&quot;}\">\n\t\t\t\t<div class=\"elementor-element elementor-element-d1b3607 elementor-widget elementor-widget-heading\" data-id=\"d1b3607\" data-element_type=\"widget\" data-e-type=\"widget\" data-settings=\"{&quot;ekit_we_effect_on&quot;:&quot;none&quot;}\" data-widget_type=\"heading.default\">\n\t\t\t\t<div class=\"elementor-widget-container\">\n\t\t\t\t\t<h5 class=\"elementor-heading-title elementor-size-default\">Sind Sie bereit, Ihr Projekt aufzuwerten?<\/h5>\t\t\t\t<\/div>\n\t\t\t\t<\/div>\n\t\t\t\t<div class=\"elementor-element elementor-element-7702c56 elementor-widget__width-initial elementor-widget-mobile__width-inherit elementor-widget elementor-widget-heading\" data-id=\"7702c56\" data-element_type=\"widget\" data-e-type=\"widget\" data-settings=\"{&quot;ekit_we_effect_on&quot;:&quot;none&quot;}\" data-widget_type=\"heading.default\">\n\t\t\t\t<div class=\"elementor-widget-container\">\n\t\t\t\t\t<h2 class=\"elementor-heading-title elementor-size-default\">Erwecken Sie Ihre Entw\u00fcrfe mit BonitoPak zum Leben<\/h2>\t\t\t\t<\/div>\n\t\t\t\t<\/div>\n\t\t\t\t<div class=\"elementor-element elementor-element-02eb3d4 elementor-widget__width-initial elementor-widget-mobile__width-inherit elementor-widget elementor-widget-text-editor\" data-id=\"02eb3d4\" data-element_type=\"widget\" data-e-type=\"widget\" data-settings=\"{&quot;ekit_we_effect_on&quot;:&quot;none&quot;}\" data-widget_type=\"text-editor.default\">\n\t\t\t\t<div class=\"elementor-widget-container\">\n\t\t\t\t\t\t\t\t\tErleben Sie Pr\u00e4zisionstechnik mit BonitoPak. Von detaillierten Prototypen bis hin zur Gro\u00dfserienproduktion - wir sind da, um Ihre Konzepte in die Realit\u00e4t umzusetzen. Kontaktieren Sie uns noch heute, um Ihre Projektanforderungen zu besprechen!\t\t\t\t\t\t\t\t<\/div>\n\t\t\t\t<\/div>\n\t\t\t\t<div class=\"elementor-element elementor-element-cf3ae77 elementor-widget elementor-widget-button\" data-id=\"cf3ae77\" data-element_type=\"widget\" data-e-type=\"widget\" data-settings=\"{&quot;ekit_we_effect_on&quot;:&quot;none&quot;}\" data-widget_type=\"button.default\">\n\t\t\t\t<div class=\"elementor-widget-container\">\n\t\t\t\t\t\t\t\t\t<div class=\"elementor-button-wrapper\">\n\t\t\t\t\t<a class=\"elementor-button elementor-button-link elementor-size-sm\" href=\"#elementor-action%3Aaction%3Dpopup%3Aopen%26settings%3DeyJpZCI6IjM4MDAiLCJ0b2dnbGUiOmZhbHNlfQ%3D%3D\">\n\t\t\t\t\t\t<span class=\"elementor-button-content-wrapper\">\n\t\t\t\t\t\t<span class=\"elementor-button-icon\">\n\t\t\t\t<svg aria-hidden=\"true\" class=\"e-font-icon-svg e-fas-arrow-circle-right\" viewbox=\"0 0 512 512\" xmlns=\"http:\/\/www.w3.org\/2000\/svg\"><path d=\"M256 8c137 0 248 111 248 248S393 504 256 504 8 393 8 256 119 8 256 8zm-28.9 143.6l75.5 72.4H120c-13.3 0-24 10.7-24 24v16c0 13.3 10.7 24 24 24h182.6l-75.5 72.4c-9.7 9.3-9.9 24.8-.4 34.3l11 10.9c9.4 9.4 24.6 9.4 33.9 0L404.3 273c9.4-9.4 9.4-24.6 0-33.9L271.6 106.3c-9.4-9.4-24.6-9.4-33.9 0l-11 10.9c-9.5 9.6-9.3 25.1.4 34.4z\"><\/path><\/svg>\t\t\t<\/span>\n\t\t\t\t\t\t\t\t\t<span class=\"elementor-button-text\">Jetzt ein Angebot einholen<\/span>\n\t\t\t\t\t<\/span>\n\t\t\t\t\t<\/a>\n\t\t\t\t<\/div>\n\t\t\t\t\t\t\t\t<\/div>\n\t\t\t\t<\/div>\n\t\t\t\t<\/div>\n\t\t\t\t\t<\/div>\n\t\t\t\t<\/div>\n\t\t\t\t<\/div>\n\t\t<\/div>\n\t\t\t\t\t\t<\/div>\n\t\t\t\t<\/div>\n\t\t\t\t<\/div>\n\t\t\t\t<\/div>","protected":false},"excerpt":{"rendered":"<p>At BonitoPak, we prioritize the security and confidentiality of your intellectual property (IP) from the start of our collaboration through to the final product delivery. With our stringent protocols, you can confidently entrust us with your valuable designs and data. Total Confidentiality Throughout the ProcessOur commitment to confidentiality is integral to every step of our [&hellip;]<\/p>\n","protected":false},"author":2,"featured_media":0,"parent":0,"menu_order":0,"comment_status":"closed","ping_status":"closed","template":"","meta":{"_acf_changed":false,"inline_featured_image":false,"footnotes":""},"class_list":["post-3284","page","type-page","status-publish","hentry"],"acf":[],"yoast_head":"<!-- This site is optimized with the Yoast SEO Premium plugin v25.9 (Yoast SEO v27.0) - https:\/\/yoast.com\/product\/yoast-seo-premium-wordpress\/ -->\n<title>IP Protection - BonitoPak<\/title>\n<meta name=\"robots\" content=\"index, follow, max-snippet:-1, max-image-preview:large, max-video-preview:-1\" \/>\n<link rel=\"canonical\" href=\"https:\/\/bonitopak.com\/de\/ip-schutz\/\" \/>\n<meta property=\"og:locale\" content=\"de_DE\" \/>\n<meta property=\"og:type\" content=\"article\" \/>\n<meta property=\"og:title\" content=\"IP Protection\" \/>\n<meta property=\"og:description\" content=\"At BonitoPak, we prioritize the security and confidentiality of your intellectual property (IP) from the start of our collaboration through to the final product delivery. With our stringent protocols, you can confidently entrust us with your valuable designs and data. Total Confidentiality Throughout the ProcessOur commitment to confidentiality is integral to every step of our [&hellip;]\" \/>\n<meta property=\"og:url\" content=\"https:\/\/bonitopak.com\/de\/ip-schutz\/\" \/>\n<meta property=\"og:site_name\" content=\"BonitoPak\" \/>\n<meta property=\"article:modified_time\" content=\"2024-10-02T02:34:16+00:00\" \/>\n<meta name=\"twitter:card\" content=\"summary_large_image\" \/>\n<meta name=\"twitter:label1\" content=\"Gesch\u00e4tzte Lesezeit\" \/>\n\t<meta name=\"twitter:data1\" content=\"2\u00a0Minuten\" \/>\n<script type=\"application\/ld+json\" class=\"yoast-schema-graph\">{\"@context\":\"https:\/\/schema.org\",\"@graph\":[{\"@type\":\"WebPage\",\"@id\":\"https:\/\/bonitopak.com\/ip-protection\/\",\"url\":\"https:\/\/bonitopak.com\/ip-protection\/\",\"name\":\"IP Protection - BonitoPak\",\"isPartOf\":{\"@id\":\"https:\/\/bonitopak.com\/#website\"},\"datePublished\":\"2024-05-19T12:09:19+00:00\",\"dateModified\":\"2024-10-02T02:34:16+00:00\",\"breadcrumb\":{\"@id\":\"https:\/\/bonitopak.com\/ip-protection\/#breadcrumb\"},\"inLanguage\":\"de\",\"potentialAction\":[{\"@type\":\"ReadAction\",\"target\":[\"https:\/\/bonitopak.com\/ip-protection\/\"]}]},{\"@type\":\"BreadcrumbList\",\"@id\":\"https:\/\/bonitopak.com\/ip-protection\/#breadcrumb\",\"itemListElement\":[{\"@type\":\"ListItem\",\"position\":1,\"name\":\"Home\",\"item\":\"https:\/\/bonitopak.com\/\"},{\"@type\":\"ListItem\",\"position\":2,\"name\":\"IP Protection\"}]},{\"@type\":\"WebSite\",\"@id\":\"https:\/\/bonitopak.com\/#website\",\"url\":\"https:\/\/bonitopak.com\/\",\"name\":\"BonitoPak\",\"description\":\"\",\"publisher\":{\"@id\":\"https:\/\/bonitopak.com\/#organization\"},\"potentialAction\":[{\"@type\":\"SearchAction\",\"target\":{\"@type\":\"EntryPoint\",\"urlTemplate\":\"https:\/\/bonitopak.com\/?s={search_term_string}\"},\"query-input\":{\"@type\":\"PropertyValueSpecification\",\"valueRequired\":true,\"valueName\":\"search_term_string\"}}],\"inLanguage\":\"de\"},{\"@type\":\"Organization\",\"@id\":\"https:\/\/bonitopak.com\/#organization\",\"name\":\"BonitoPak\",\"url\":\"https:\/\/bonitopak.com\/\",\"logo\":{\"@type\":\"ImageObject\",\"inLanguage\":\"de\",\"@id\":\"https:\/\/bonitopak.com\/#\/schema\/logo\/image\/\",\"url\":\"https:\/\/bonitopak.com\/wp-content\/uploads\/2024\/03\/bonito-pak-logo.webp\",\"contentUrl\":\"https:\/\/bonitopak.com\/wp-content\/uploads\/2024\/03\/bonito-pak-logo.webp\",\"width\":281,\"height\":80,\"caption\":\"BonitoPak\"},\"image\":{\"@id\":\"https:\/\/bonitopak.com\/#\/schema\/logo\/image\/\"}}]}<\/script>\n<!-- \/ Yoast SEO Premium plugin. -->","yoast_head_json":{"title":"IP-Schutz - BonitoPak","robots":{"index":"index","follow":"follow","max-snippet":"max-snippet:-1","max-image-preview":"max-image-preview:large","max-video-preview":"max-video-preview:-1"},"canonical":"https:\/\/bonitopak.com\/de\/ip-schutz\/","og_locale":"de_DE","og_type":"article","og_title":"IP Protection","og_description":"At BonitoPak, we prioritize the security and confidentiality of your intellectual property (IP) from the start of our collaboration through to the final product delivery. With our stringent protocols, you can confidently entrust us with your valuable designs and data. Total Confidentiality Throughout the ProcessOur commitment to confidentiality is integral to every step of our [&hellip;]","og_url":"https:\/\/bonitopak.com\/de\/ip-schutz\/","og_site_name":"BonitoPak","article_modified_time":"2024-10-02T02:34:16+00:00","twitter_card":"summary_large_image","twitter_misc":{"Gesch\u00e4tzte Lesezeit":"2\u00a0Minuten"},"schema":{"@context":"https:\/\/schema.org","@graph":[{"@type":"WebPage","@id":"https:\/\/bonitopak.com\/ip-protection\/","url":"https:\/\/bonitopak.com\/ip-protection\/","name":"IP-Schutz - BonitoPak","isPartOf":{"@id":"https:\/\/bonitopak.com\/#website"},"datePublished":"2024-05-19T12:09:19+00:00","dateModified":"2024-10-02T02:34:16+00:00","breadcrumb":{"@id":"https:\/\/bonitopak.com\/ip-protection\/#breadcrumb"},"inLanguage":"de","potentialAction":[{"@type":"ReadAction","target":["https:\/\/bonitopak.com\/ip-protection\/"]}]},{"@type":"BreadcrumbList","@id":"https:\/\/bonitopak.com\/ip-protection\/#breadcrumb","itemListElement":[{"@type":"ListItem","position":1,"name":"Home","item":"https:\/\/bonitopak.com\/"},{"@type":"ListItem","position":2,"name":"IP Protection"}]},{"@type":"WebSite","@id":"https:\/\/bonitopak.com\/#website","url":"https:\/\/bonitopak.com\/","name":"BonitoPak","description":"","publisher":{"@id":"https:\/\/bonitopak.com\/#organization"},"potentialAction":[{"@type":"SearchAction","target":{"@type":"EntryPoint","urlTemplate":"https:\/\/bonitopak.com\/?s={search_term_string}"},"query-input":{"@type":"PropertyValueSpecification","valueRequired":true,"valueName":"search_term_string"}}],"inLanguage":"de"},{"@type":"Organization","@id":"https:\/\/bonitopak.com\/#organization","name":"BonitoPak","url":"https:\/\/bonitopak.com\/","logo":{"@type":"ImageObject","inLanguage":"de","@id":"https:\/\/bonitopak.com\/#\/schema\/logo\/image\/","url":"https:\/\/bonitopak.com\/wp-content\/uploads\/2024\/03\/bonito-pak-logo.webp","contentUrl":"https:\/\/bonitopak.com\/wp-content\/uploads\/2024\/03\/bonito-pak-logo.webp","width":281,"height":80,"caption":"BonitoPak"},"image":{"@id":"https:\/\/bonitopak.com\/#\/schema\/logo\/image\/"}}]}},"_links":{"self":[{"href":"https:\/\/bonitopak.com\/de\/wp-json\/wp\/v2\/pages\/3284","targetHints":{"allow":["GET"]}}],"collection":[{"href":"https:\/\/bonitopak.com\/de\/wp-json\/wp\/v2\/pages"}],"about":[{"href":"https:\/\/bonitopak.com\/de\/wp-json\/wp\/v2\/types\/page"}],"author":[{"embeddable":true,"href":"https:\/\/bonitopak.com\/de\/wp-json\/wp\/v2\/users\/2"}],"replies":[{"embeddable":true,"href":"https:\/\/bonitopak.com\/de\/wp-json\/wp\/v2\/comments?post=3284"}],"version-history":[{"count":0,"href":"https:\/\/bonitopak.com\/de\/wp-json\/wp\/v2\/pages\/3284\/revisions"}],"wp:attachment":[{"href":"https:\/\/bonitopak.com\/de\/wp-json\/wp\/v2\/media?parent=3284"}],"curies":[{"name":"wp","href":"https:\/\/api.w.org\/{rel}","templated":true}]}}